{"id":1235,"date":"2022-02-24T13:59:37","date_gmt":"2022-02-24T13:59:37","guid":{"rendered":"https:\/\/dipetane.com\/kaip-veikia-dipetane\/"},"modified":"2023-12-22T16:08:36","modified_gmt":"2023-12-22T16:08:36","slug":"kaip-veikia-dipetane","status":"publish","type":"page","link":"https:\/\/dipetane.com\/lt\/kaip-veikia-dipetane\/","title":{"rendered":"Kaip veikia Dipetane"},"content":{"rendered":"<p>[et_pb_section fb_built=&#8221;1&#8243; fullwidth=&#8221;on&#8221; next_background_color=&#8221;#ffffff&#8221; admin_label=&#8221;Header Section&#8221; _builder_version=&#8221;4.16&#8243; background_color=&#8221;#000000&#8243; custom_padding=&#8221;|||&#8221; bottom_divider_style=&#8221;waves2&#8243; global_colors_info=&#8221;{}&#8221;][et_pb_fullwidth_header title=&#8221;Tai mokslas, o ne magija&#8221; subhead=&#8221;Kaip veikia Dipetane&#8221; text_orientation=&#8221;center&#8221; header_fullscreen=&#8221;on&#8221; header_scroll_down=&#8221;on&#8221; scroll_down_icon=&#8221;%%2%%&#8221; scroll_down_icon_color=&#8221;#ffffff&#8221; button_one_text=&#8221;Parodyti man&#8221; background_overlay_color=&#8221;rgba(0,0,0,0.7)&#8221; content_max_width_last_edited=&#8221;off|desktop&#8221; admin_label=&#8221;Contents&#8221; _builder_version=&#8221;4.23.1&#8243; title_font=&#8221;Oswald|||on|&#8221; title_text_align=&#8221;center&#8221; title_font_size=&#8221;80px&#8221; title_letter_spacing=&#8221;0.05em&#8221; title_line_height=&#8221;1.5em&#8221; subhead_font=&#8221;Nunito|600|||||||&#8221; subhead_font_size=&#8221;20px&#8221; subhead_line_height=&#8221;1.9em&#8221; background_color=&#8221;rgba(255, 255, 255, 0)&#8221; background_image=&#8221;https:\/\/dipetane.com\/wp-content\/uploads\/2020\/03\/see-through-car.jpg&#8221; parallax=&#8221;on&#8221; parallax_method=&#8221;on&#8221; custom_button_one=&#8221;on&#8221; button_one_text_size=&#8221;15px&#8221; button_one_text_color=&#8221;#ffffff&#8221; button_one_bg_color=&#8221;#034D95&#8243; button_one_border_width=&#8221;0px&#8221; button_one_border_color=&#8221;#dca57d&#8221; button_one_border_radius=&#8221;0px&#8221; button_one_letter_spacing=&#8221;3px&#8221; button_one_font=&#8221;Oswald|||on|&#8221; button_one_use_icon=&#8221;off&#8221; button_one_custom_padding=&#8221;20px|25px|20px|25px|true|true&#8221; animation_style=&#8221;fade&#8221; animation_starting_opacity=&#8221;50%&#8221; animation_speed_curve=&#8221;ease-in&#8221; hover_enabled=&#8221;0&#8243; title_font_size_tablet=&#8221;60px&#8221; title_font_size_phone=&#8221;40px&#8221; title_font_size_last_edited=&#8221;on|phone&#8221; button_one_border_color_hover=&#8221;#c99872&#8243; button_one_border_radius_hover=&#8221;0px&#8221; button_one_letter_spacing_hover=&#8221;3px&#8221; button_one_bg_color_hover=&#8221;#c99872&#8243; global_colors_info=&#8221;{}&#8221; button_one_text_size__hover_enabled=&#8221;off&#8221; button_two_text_size__hover_enabled=&#8221;off&#8221; button_one_text_color__hover_enabled=&#8221;off&#8221; button_two_text_color__hover_enabled=&#8221;off&#8221; button_one_border_width__hover_enabled=&#8221;off&#8221; button_two_border_width__hover_enabled=&#8221;off&#8221; button_one_border_color__hover_enabled=&#8221;on&#8221; button_one_border_color__hover=&#8221;#c99872&#8243; button_two_border_color__hover_enabled=&#8221;off&#8221; button_one_border_radius__hover_enabled=&#8221;on&#8221; button_one_border_radius__hover=&#8221;0px&#8221; button_two_border_radius__hover_enabled=&#8221;off&#8221; button_one_letter_spacing__hover_enabled=&#8221;on&#8221; button_one_letter_spacing__hover=&#8221;3px&#8221; button_two_letter_spacing__hover_enabled=&#8221;off&#8221; button_one_bg_color__hover_enabled=&#8221;on&#8221; button_one_bg_color__hover=&#8221;#c99872&#8243; button_two_bg_color__hover_enabled=&#8221;off&#8221; custom_padding=&#8221;||50px||false|false&#8221; sticky_enabled=&#8221;0&#8243;][\/et_pb_fullwidth_header][\/et_pb_section][et_pb_section fb_built=&#8221;1&#8243; admin_label=&#8221;Brewing Overview&#8221; _builder_version=&#8221;4.16&#8243; custom_margin=&#8221;|||&#8221; custom_padding=&#8221;100px||50px|&#8221; locked=&#8221;off&#8221; global_colors_info=&#8221;{}&#8221;][et_pb_row column_structure=&#8221;1_2,1_4,1_4&#8243; _builder_version=&#8221;4.16&#8243; background_size=&#8221;initial&#8221; background_position=&#8221;top_left&#8221; background_repeat=&#8221;repeat&#8221; animation_style=&#8221;fade&#8221; global_colors_info=&#8221;{}&#8221;][et_pb_column type=&#8221;1_2&#8243; _builder_version=&#8221;4.16&#8243; custom_padding=&#8221;|||&#8221; global_colors_info=&#8221;{}&#8221; custom_padding__hover=&#8221;|||&#8221;][et_pb_text _builder_version=&#8221;4.16&#8243; text_font=&#8221;Nunito||||&#8221; text_font_size=&#8221;24px&#8221; text_line_height=&#8221;1.8em&#8221; header_font=&#8221;Oswald|||on|&#8221; header_font_size=&#8221;16px&#8221; header_letter_spacing=&#8221;2px&#8221; header_line_height=&#8221;1.7em&#8221; header_4_font=&#8221;Oswald|||on|||||&#8221; header_4_font_size=&#8221;16px&#8221; header_4_letter_spacing=&#8221;1px&#8221; header_4_line_height=&#8221;1.5em&#8221; background_size=&#8221;initial&#8221; background_position=&#8221;top_left&#8221; background_repeat=&#8221;repeat&#8221; max_width=&#8221;600px&#8221; max_width_tablet=&#8221;&#8221; max_width_phone=&#8221;&#8221; max_width_last_edited=&#8221;on|phone&#8221; module_alignment=&#8221;center&#8221; custom_margin=&#8221;|||&#8221; global_colors_info=&#8221;{}&#8221;]<\/p>\n<h4>Kas yra Dipetane<\/h4>\n<p>Dipetane tai 100% skystas angliavandenilis. Tai papildas to, ko jau yra beveik vis\u0173 tip\u0173 degaluose.[\/et_pb_text][\/et_pb_column][et_pb_column type=&#8221;1_4&#8243; _builder_version=&#8221;4.16&#8243; custom_padding=&#8221;|||&#8221; global_colors_info=&#8221;{}&#8221; custom_padding__hover=&#8221;|||&#8221;][et_pb_text _builder_version=&#8221;4.16&#8243; text_font=&#8221;Nunito||||&#8221; text_font_size=&#8221;16px&#8221; text_line_height=&#8221;1.8em&#8221; header_font=&#8221;Oswald|||on|&#8221; header_font_size=&#8221;16px&#8221; header_letter_spacing=&#8221;2px&#8221; header_line_height=&#8221;1.7em&#8221; header_4_font=&#8221;Oswald|||on|||||&#8221; header_4_font_size=&#8221;16px&#8221; header_4_letter_spacing=&#8221;1px&#8221; header_4_line_height=&#8221;1.5em&#8221; background_size=&#8221;initial&#8221; background_position=&#8221;top_left&#8221; background_repeat=&#8221;repeat&#8221; max_width=&#8221;600px&#8221; max_width_tablet=&#8221;&#8221; max_width_phone=&#8221;&#8221; max_width_last_edited=&#8221;on|phone&#8221; module_alignment=&#8221;center&#8221; custom_margin=&#8221;|||&#8221; locked=&#8221;off&#8221; global_colors_info=&#8221;{}&#8221;]<\/p>\n<h4>Nepriklausomi Tyrimai<\/h4>\n<p>Buvo atlikta \u012fvairi\u0173 nepriklausom\u0173 laboratorini\u0173 ir prava\u017eumo keliuose tyrim\u0173 su Dipetane. Per\u017ei\u016br\u0117kite \u0161iuos testus, kad patikrintum\u0117te m\u016bs\u0173 teiginius apie Dipetane naud\u0105 ir na\u0161um\u0105.[\/et_pb_text][\/et_pb_column][et_pb_column type=&#8221;1_4&#8243; _builder_version=&#8221;4.16&#8243; custom_padding=&#8221;|||&#8221; global_colors_info=&#8221;{}&#8221; custom_padding__hover=&#8221;|||&#8221;][et_pb_text _builder_version=&#8221;4.16&#8243; text_font=&#8221;Nunito||||&#8221; text_font_size=&#8221;16px&#8221; text_line_height=&#8221;1.8em&#8221; header_font=&#8221;Oswald|||on|&#8221; header_font_size=&#8221;16px&#8221; header_letter_spacing=&#8221;2px&#8221; header_line_height=&#8221;1.7em&#8221; header_4_font=&#8221;Oswald|||on|||||&#8221; header_4_font_size=&#8221;16px&#8221; header_4_letter_spacing=&#8221;1px&#8221; header_4_line_height=&#8221;1.5em&#8221; background_size=&#8221;initial&#8221; background_position=&#8221;top_left&#8221; background_repeat=&#8221;repeat&#8221; max_width=&#8221;600px&#8221; max_width_tablet=&#8221;&#8221; max_width_phone=&#8221;&#8221; max_width_last_edited=&#8221;on|phone&#8221; module_alignment=&#8221;center&#8221; custom_margin=&#8221;|||&#8221; locked=&#8221;off&#8221; global_colors_info=&#8221;{}&#8221;]<\/p>\n<h4>Kaip veikia Dipetane<\/h4>\n<p>Visapusi\u0161kesnis ir pilnesnis vidaus degimas su Dipetane, suma\u017eina kuro s\u0105naudas vidutini\u0161kai iki 10%[\/et_pb_text][\/et_pb_column][\/et_pb_row][\/et_pb_section][et_pb_section fb_built=&#8221;1&#8243; admin_label=&#8221;How Dipetane works&#8221; _builder_version=&#8221;4.16&#8243; global_colors_info=&#8221;{}&#8221;][et_pb_row _builder_version=&#8221;4.16&#8243; global_colors_info=&#8221;{}&#8221;][et_pb_column type=&#8221;4_4&#8243; _builder_version=&#8221;4.16&#8243; custom_padding=&#8221;|||&#8221; global_colors_info=&#8221;{}&#8221; custom_padding__hover=&#8221;|||&#8221;][et_pb_divider color=&#8221;rgba(0,0,0,0.09)&#8221; divider_weight=&#8221;3px&#8221; _builder_version=&#8221;4.16&#8243; global_colors_info=&#8221;{}&#8221;][\/et_pb_divider][et_pb_text _builder_version=&#8221;4.16&#8243; text_font=&#8221;Nunito||||||||&#8221; text_font_size=&#8221;18px&#8221; text_line_height=&#8221;1.8em&#8221; header_text_align=&#8221;center&#8221; header_font_size=&#8221;16px&#8221; header_letter_spacing=&#8221;2px&#8221; header_line_height=&#8221;1.7em&#8221; header_3_font=&#8221;Oswald|||on|||||&#8221; header_3_text_color=&#8221;#034D95&#8243; header_3_font_size=&#8221;42px&#8221; header_3_letter_spacing=&#8221;2px&#8221; header_3_line_height=&#8221;1.5em&#8221; header_4_font=&#8221;Oswald|||on|||||&#8221; header_4_font_size=&#8221;16px&#8221; header_4_letter_spacing=&#8221;1px&#8221; header_4_line_height=&#8221;1.5em&#8221; background_size=&#8221;initial&#8221; background_position=&#8221;top_left&#8221; background_repeat=&#8221;repeat&#8221; max_width=&#8221;70%&#8221; max_width_tablet=&#8221;&#8221; max_width_phone=&#8221;&#8221; max_width_last_edited=&#8221;on|phone&#8221; module_alignment=&#8221;left&#8221; custom_margin=&#8221;|||&#8221; locked=&#8221;off&#8221; global_colors_info=&#8221;{}&#8221;]<\/p>\n<h3>1 Veiksmas: \u012esipilkite reikiam\u0105 kiek\u012f Dipetane \u012f kur\u0105<\/h3>\n<p>Mai\u0161ymo santykis 1:200. 1 Litras Dipetane apdoroja 200 litr\u0173 kuro (Benzino, Dyzelino, \u017dibalo).[\/et_pb_text][et_pb_image src=&#8221;https:\/\/dipetane.com\/wp-content\/uploads\/2020\/03\/step-1.jpg&#8221; align_tablet=&#8221;center&#8221; align_phone=&#8221;&#8221; align_last_edited=&#8221;on|desktop&#8221; _builder_version=&#8221;4.16&#8243; global_colors_info=&#8221;{}&#8221;][\/et_pb_image][\/et_pb_column][\/et_pb_row][\/et_pb_section][et_pb_section fb_built=&#8221;1&#8243; admin_label=&#8221;SectionBrewing Step&#8221; _builder_version=&#8221;4.16&#8243; global_colors_info=&#8221;{}&#8221;][et_pb_row _builder_version=&#8221;4.16&#8243; global_colors_info=&#8221;{}&#8221;][et_pb_column type=&#8221;4_4&#8243; _builder_version=&#8221;4.16&#8243; custom_padding=&#8221;|||&#8221; global_colors_info=&#8221;{}&#8221; custom_padding__hover=&#8221;|||&#8221;][et_pb_divider color=&#8221;rgba(0,0,0,0.09)&#8221; divider_weight=&#8221;3px&#8221; _builder_version=&#8221;4.16&#8243; global_colors_info=&#8221;{}&#8221;][\/et_pb_divider][et_pb_text _builder_version=&#8221;4.16&#8243; text_font=&#8221;Nunito||||||||&#8221; text_font_size=&#8221;18px&#8221; text_line_height=&#8221;1.8em&#8221; header_text_align=&#8221;center&#8221; header_font_size=&#8221;16px&#8221; header_letter_spacing=&#8221;2px&#8221; header_line_height=&#8221;1.7em&#8221; header_3_font=&#8221;Oswald|||on|||||&#8221; header_3_text_color=&#8221;#034D95&#8243; header_3_font_size=&#8221;42px&#8221; header_3_letter_spacing=&#8221;2px&#8221; header_3_line_height=&#8221;1.5em&#8221; header_4_font=&#8221;Oswald|||on|||||&#8221; header_4_font_size=&#8221;16px&#8221; header_4_letter_spacing=&#8221;1px&#8221; header_4_line_height=&#8221;1.5em&#8221; background_size=&#8221;initial&#8221; background_position=&#8221;top_left&#8221; background_repeat=&#8221;repeat&#8221; max_width=&#8221;70%&#8221; max_width_tablet=&#8221;&#8221; max_width_phone=&#8221;&#8221; max_width_last_edited=&#8221;on|phone&#8221; module_alignment=&#8221;left&#8221; custom_margin=&#8221;|||&#8221; locked=&#8221;off&#8221; global_colors_info=&#8221;{}&#8221;]<\/p>\n<h3>2 Veiksmas: Pradedamas vidaus degimo kameros ir kuro purk\u0161tuk\u0173 valymas<\/h3>\n<p>Naudojant Dipetane apdorot\u0105 kur\u0105, anglis pilnai sudega, o nesudegusios j\u0173 nuos\u0117dos transporto priemoni\u0173 varikliuose ir \u0161ildymo katiluose nebesikaupia. Esamos nuos\u0117dos pradeda irti, sudega ir palaipsniui pa\u0161alinamos i\u0161 variklio.[\/et_pb_text][et_pb_image src=&#8221;https:\/\/dipetane.com\/wp-content\/uploads\/2020\/03\/step-2.jpg&#8221; align_tablet=&#8221;center&#8221; align_phone=&#8221;&#8221; align_last_edited=&#8221;on|desktop&#8221; _builder_version=&#8221;4.16&#8243; global_colors_info=&#8221;{}&#8221;][\/et_pb_image][\/et_pb_column][\/et_pb_row][\/et_pb_section][et_pb_section fb_built=&#8221;1&#8243; admin_label=&#8221;Brewing Step&#8221; _builder_version=&#8221;4.16&#8243; global_colors_info=&#8221;{}&#8221;][et_pb_row _builder_version=&#8221;4.16&#8243; global_colors_info=&#8221;{}&#8221;][et_pb_column type=&#8221;4_4&#8243; _builder_version=&#8221;4.16&#8243; custom_padding=&#8221;|||&#8221; global_colors_info=&#8221;{}&#8221; custom_padding__hover=&#8221;|||&#8221;][et_pb_divider color=&#8221;rgba(0,0,0,0.09)&#8221; divider_weight=&#8221;3px&#8221; _builder_version=&#8221;4.16&#8243; global_colors_info=&#8221;{}&#8221;][\/et_pb_divider][et_pb_text _builder_version=&#8221;4.16&#8243; text_font=&#8221;Nunito||||||||&#8221; text_font_size=&#8221;18px&#8221; text_line_height=&#8221;1.8em&#8221; header_text_align=&#8221;center&#8221; header_font_size=&#8221;16px&#8221; header_letter_spacing=&#8221;2px&#8221; header_line_height=&#8221;1.7em&#8221; header_3_font=&#8221;Oswald|||on|||||&#8221; header_3_text_color=&#8221;#034D95&#8243; header_3_font_size=&#8221;42px&#8221; header_3_letter_spacing=&#8221;2px&#8221; header_3_line_height=&#8221;1.5em&#8221; header_4_font=&#8221;Oswald|||on|||||&#8221; header_4_font_size=&#8221;16px&#8221; header_4_letter_spacing=&#8221;1px&#8221; header_4_line_height=&#8221;1.5em&#8221; background_size=&#8221;initial&#8221; background_position=&#8221;top_left&#8221; background_repeat=&#8221;repeat&#8221; max_width=&#8221;70%&#8221; max_width_tablet=&#8221;&#8221; max_width_phone=&#8221;&#8221; max_width_last_edited=&#8221;on|phone&#8221; module_alignment=&#8221;left&#8221; custom_margin=&#8221;|||&#8221; locked=&#8221;off&#8221; global_colors_info=&#8221;{}&#8221;]<\/p>\n<h3>3 Veiksmas: I\u0161valo DPF filtr\u0105 ir Katalizatori\u0173<\/h3>\n<p>Dipetane naudojimo tikslas yra apsaugoti kuro purk\u0161tukus nuo u\u017esikim\u0161imo ir suteikti papildom\u0105 tepim\u0105. Papildomas tepimas kuro purk\u0161tukams labai svarbus d\u0117l suma\u017einto sieros kiekio dyzeliniame kure net 80%, kur\u012f gali kompensuoti Dipetane.[\/et_pb_text][et_pb_image src=&#8221;https:\/\/dipetane.com\/wp-content\/uploads\/2020\/03\/step-3.jpg&#8221; align_tablet=&#8221;center&#8221; align_phone=&#8221;&#8221; align_last_edited=&#8221;on|desktop&#8221; _builder_version=&#8221;4.16&#8243; global_colors_info=&#8221;{}&#8221;][\/et_pb_image][\/et_pb_column][\/et_pb_row][\/et_pb_section][et_pb_section fb_built=&#8221;1&#8243; admin_label=&#8221;Brewing Step&#8221; _builder_version=&#8221;4.16&#8243; custom_padding=&#8221;54px|0px|100px|0px&#8221; global_colors_info=&#8221;{}&#8221;][et_pb_row _builder_version=&#8221;4.16&#8243; global_colors_info=&#8221;{}&#8221;][et_pb_column type=&#8221;4_4&#8243; _builder_version=&#8221;4.16&#8243; custom_padding=&#8221;|||&#8221; global_colors_info=&#8221;{}&#8221; custom_padding__hover=&#8221;|||&#8221;][et_pb_divider color=&#8221;rgba(0,0,0,0.09)&#8221; divider_weight=&#8221;3px&#8221; _builder_version=&#8221;4.16&#8243; global_colors_info=&#8221;{}&#8221;][\/et_pb_divider][et_pb_text _builder_version=&#8221;4.16&#8243; text_font=&#8221;Nunito||||||||&#8221; text_font_size=&#8221;18px&#8221; text_line_height=&#8221;1.8em&#8221; header_text_align=&#8221;center&#8221; header_font_size=&#8221;16px&#8221; header_letter_spacing=&#8221;2px&#8221; header_line_height=&#8221;1.7em&#8221; header_3_font=&#8221;Oswald|||on|||||&#8221; header_3_text_color=&#8221;#034D95&#8243; header_3_font_size=&#8221;42px&#8221; header_3_letter_spacing=&#8221;2px&#8221; header_3_line_height=&#8221;1.5em&#8221; header_4_font=&#8221;Oswald|||on|||||&#8221; header_4_font_size=&#8221;16px&#8221; header_4_letter_spacing=&#8221;1px&#8221; header_4_line_height=&#8221;1.5em&#8221; background_size=&#8221;initial&#8221; background_position=&#8221;top_left&#8221; background_repeat=&#8221;repeat&#8221; max_width=&#8221;70%&#8221; max_width_tablet=&#8221;&#8221; max_width_phone=&#8221;&#8221; max_width_last_edited=&#8221;on|phone&#8221; module_alignment=&#8221;left&#8221; custom_margin=&#8221;|||&#8221; locked=&#8221;off&#8221; global_colors_info=&#8221;{}&#8221;]<\/p>\n<h3>4 Veiksmas: M\u0117gaukit\u0117s privalumais<\/h3>\n<ul class=\"arrow\">\n<li>Padeda pasiekti leistinus CO2, NOx ir kit\u0173 i\u0161metam\u0173j\u0173 duj\u0173 kiekius reikalingus TA ap\u017ei\u016brai.<\/li>\n<li>Vidutini\u0161kai suma\u017eina kuro s\u0105naudas apie 10%<\/li>\n<li>Suma\u017eina nuoding\u0173 i\u0161metam\u0173j\u0173 med\u017eiag\u0173 NOx kiek\u012f\u00a0 iki 35%<\/li>\n<li>Suma\u017eina i\u0161metam\u0173j\u0173 CO2 duj\u0173 kiek\u012f iki 25%<\/li>\n<\/ul>\n<p>[\/et_pb_text][et_pb_image src=&#8221;https:\/\/dipetane.com\/wp-content\/uploads\/2020\/03\/step-4.jpg&#8221; align_tablet=&#8221;center&#8221; align_phone=&#8221;&#8221; align_last_edited=&#8221;on|desktop&#8221; _builder_version=&#8221;4.16&#8243; global_colors_info=&#8221;{}&#8221;][\/et_pb_image][\/et_pb_column][\/et_pb_row][\/et_pb_section]<\/p>\n","protected":false},"excerpt":{"rendered":"<p>Kas yra Dipetane Dipetane tai 100% skystas angliavandenilis. Tai papildas to, ko jau yra beveik vis\u0173 tip\u0173 degaluose.Nepriklausomi Tyrimai Buvo atlikta \u012fvairi\u0173 nepriklausom\u0173 laboratorini\u0173 ir prava\u017eumo keliuose tyrim\u0173 su Dipetane. Per\u017ei\u016br\u0117kite \u0161iuos testus, kad patikrintum\u0117te m\u016bs\u0173 teiginius apie Dipetane naud\u0105 ir na\u0161um\u0105.Kaip veikia Dipetane Visapusi\u0161kesnis ir pilnesnis vidaus degimas su Dipetane, suma\u017eina kuro s\u0105naudas vidutini\u0161kai [&hellip;]<\/p>\n","protected":false},"author":1,"featured_media":0,"parent":0,"menu_order":0,"comment_status":"closed","ping_status":"closed","template":"","meta":{"_et_pb_use_builder":"on","_et_pb_old_content":"","_et_gb_content_width":"","footnotes":""},"class_list":["post-1235","page","type-page","status-publish","hentry"],"yoast_head":"<!-- This site is optimized with the Yoast SEO plugin v27.2 - https:\/\/yoast.com\/product\/yoast-seo-wordpress\/ -->\n<title>Kaip veikia Dipetane - Dipetane<\/title>\n<meta name=\"robots\" content=\"index, follow, max-snippet:-1, max-image-preview:large, max-video-preview:-1\" \/>\n<link rel=\"canonical\" href=\"https:\/\/dipetane.com\/lt\/kaip-veikia-dipetane\/\" \/>\n<meta property=\"og:locale\" content=\"lt_LT\" \/>\n<meta property=\"og:type\" content=\"article\" \/>\n<meta property=\"og:title\" content=\"Kaip veikia Dipetane - Dipetane\" \/>\n<meta property=\"og:description\" content=\"Kas yra Dipetane Dipetane tai 100% skystas angliavandenilis. Tai papildas to, ko jau yra beveik vis\u0173 tip\u0173 degaluose.Nepriklausomi Tyrimai Buvo atlikta \u012fvairi\u0173 nepriklausom\u0173 laboratorini\u0173 ir prava\u017eumo keliuose tyrim\u0173 su Dipetane. Per\u017ei\u016br\u0117kite \u0161iuos testus, kad patikrintum\u0117te m\u016bs\u0173 teiginius apie Dipetane naud\u0105 ir na\u0161um\u0105.Kaip veikia Dipetane Visapusi\u0161kesnis ir pilnesnis vidaus degimas su Dipetane, suma\u017eina kuro s\u0105naudas vidutini\u0161kai [&hellip;]\" \/>\n<meta property=\"og:url\" content=\"https:\/\/dipetane.com\/lt\/kaip-veikia-dipetane\/\" \/>\n<meta property=\"og:site_name\" content=\"Dipetane\" \/>\n<meta property=\"article:modified_time\" content=\"2023-12-22T16:08:36+00:00\" \/>\n<meta name=\"twitter:card\" content=\"summary_large_image\" \/>\n<meta name=\"twitter:label1\" content=\"Est. reading time\" \/>\n\t<meta name=\"twitter:data1\" content=\"9 minut\u0117s\" \/>\n<script type=\"application\/ld+json\" class=\"yoast-schema-graph\">{\"@context\":\"https:\/\/schema.org\",\"@graph\":[{\"@type\":\"WebPage\",\"@id\":\"https:\/\/dipetane.com\/lt\/kaip-veikia-dipetane\/\",\"url\":\"https:\/\/dipetane.com\/lt\/kaip-veikia-dipetane\/\",\"name\":\"Kaip veikia Dipetane - Dipetane\",\"isPartOf\":{\"@id\":\"https:\/\/dipetane.com\/#website\"},\"datePublished\":\"2022-02-24T13:59:37+00:00\",\"dateModified\":\"2023-12-22T16:08:36+00:00\",\"breadcrumb\":{\"@id\":\"https:\/\/dipetane.com\/lt\/kaip-veikia-dipetane\/#breadcrumb\"},\"inLanguage\":\"lt-LT\",\"potentialAction\":[{\"@type\":\"ReadAction\",\"target\":[\"https:\/\/dipetane.com\/lt\/kaip-veikia-dipetane\/\"]}]},{\"@type\":\"BreadcrumbList\",\"@id\":\"https:\/\/dipetane.com\/lt\/kaip-veikia-dipetane\/#breadcrumb\",\"itemListElement\":[{\"@type\":\"ListItem\",\"position\":1,\"name\":\"Home\",\"item\":\"https:\/\/dipetane.com\/lt\/\"},{\"@type\":\"ListItem\",\"position\":2,\"name\":\"Kaip veikia Dipetane\"}]},{\"@type\":\"WebSite\",\"@id\":\"https:\/\/dipetane.com\/#website\",\"url\":\"https:\/\/dipetane.com\/\",\"name\":\"Dipetane\",\"description\":\"Up to 10% better fuel consumption\",\"potentialAction\":[{\"@type\":\"SearchAction\",\"target\":{\"@type\":\"EntryPoint\",\"urlTemplate\":\"https:\/\/dipetane.com\/?s={search_term_string}\"},\"query-input\":{\"@type\":\"PropertyValueSpecification\",\"valueRequired\":true,\"valueName\":\"search_term_string\"}}],\"inLanguage\":\"lt-LT\"}]}<\/script>\n<!-- \/ Yoast SEO plugin. -->","yoast_head_json":{"title":"Kaip veikia Dipetane - Dipetane","robots":{"index":"index","follow":"follow","max-snippet":"max-snippet:-1","max-image-preview":"max-image-preview:large","max-video-preview":"max-video-preview:-1"},"canonical":"https:\/\/dipetane.com\/lt\/kaip-veikia-dipetane\/","og_locale":"lt_LT","og_type":"article","og_title":"Kaip veikia Dipetane - Dipetane","og_description":"Kas yra Dipetane Dipetane tai 100% skystas angliavandenilis. Tai papildas to, ko jau yra beveik vis\u0173 tip\u0173 degaluose.Nepriklausomi Tyrimai Buvo atlikta \u012fvairi\u0173 nepriklausom\u0173 laboratorini\u0173 ir prava\u017eumo keliuose tyrim\u0173 su Dipetane. Per\u017ei\u016br\u0117kite \u0161iuos testus, kad patikrintum\u0117te m\u016bs\u0173 teiginius apie Dipetane naud\u0105 ir na\u0161um\u0105.Kaip veikia Dipetane Visapusi\u0161kesnis ir pilnesnis vidaus degimas su Dipetane, suma\u017eina kuro s\u0105naudas vidutini\u0161kai [&hellip;]","og_url":"https:\/\/dipetane.com\/lt\/kaip-veikia-dipetane\/","og_site_name":"Dipetane","article_modified_time":"2023-12-22T16:08:36+00:00","twitter_card":"summary_large_image","twitter_misc":{"Est. reading time":"9 minut\u0117s"},"schema":{"@context":"https:\/\/schema.org","@graph":[{"@type":"WebPage","@id":"https:\/\/dipetane.com\/lt\/kaip-veikia-dipetane\/","url":"https:\/\/dipetane.com\/lt\/kaip-veikia-dipetane\/","name":"Kaip veikia Dipetane - Dipetane","isPartOf":{"@id":"https:\/\/dipetane.com\/#website"},"datePublished":"2022-02-24T13:59:37+00:00","dateModified":"2023-12-22T16:08:36+00:00","breadcrumb":{"@id":"https:\/\/dipetane.com\/lt\/kaip-veikia-dipetane\/#breadcrumb"},"inLanguage":"lt-LT","potentialAction":[{"@type":"ReadAction","target":["https:\/\/dipetane.com\/lt\/kaip-veikia-dipetane\/"]}]},{"@type":"BreadcrumbList","@id":"https:\/\/dipetane.com\/lt\/kaip-veikia-dipetane\/#breadcrumb","itemListElement":[{"@type":"ListItem","position":1,"name":"Home","item":"https:\/\/dipetane.com\/lt\/"},{"@type":"ListItem","position":2,"name":"Kaip veikia Dipetane"}]},{"@type":"WebSite","@id":"https:\/\/dipetane.com\/#website","url":"https:\/\/dipetane.com\/","name":"Dipetane","description":"Up to 10% better fuel consumption","potentialAction":[{"@type":"SearchAction","target":{"@type":"EntryPoint","urlTemplate":"https:\/\/dipetane.com\/?s={search_term_string}"},"query-input":{"@type":"PropertyValueSpecification","valueRequired":true,"valueName":"search_term_string"}}],"inLanguage":"lt-LT"}]}},"_links":{"self":[{"href":"https:\/\/dipetane.com\/lt\/wp-json\/wp\/v2\/pages\/1235","targetHints":{"allow":["GET"]}}],"collection":[{"href":"https:\/\/dipetane.com\/lt\/wp-json\/wp\/v2\/pages"}],"about":[{"href":"https:\/\/dipetane.com\/lt\/wp-json\/wp\/v2\/types\/page"}],"author":[{"embeddable":true,"href":"https:\/\/dipetane.com\/lt\/wp-json\/wp\/v2\/users\/1"}],"replies":[{"embeddable":true,"href":"https:\/\/dipetane.com\/lt\/wp-json\/wp\/v2\/comments?post=1235"}],"version-history":[{"count":1,"href":"https:\/\/dipetane.com\/lt\/wp-json\/wp\/v2\/pages\/1235\/revisions"}],"predecessor-version":[{"id":1557,"href":"https:\/\/dipetane.com\/lt\/wp-json\/wp\/v2\/pages\/1235\/revisions\/1557"}],"wp:attachment":[{"href":"https:\/\/dipetane.com\/lt\/wp-json\/wp\/v2\/media?parent=1235"}],"curies":[{"name":"wp","href":"https:\/\/api.w.org\/{rel}","templated":true}]}}