{"id":1228,"date":"2022-02-24T09:29:55","date_gmt":"2022-02-24T09:29:55","guid":{"rendered":"https:\/\/dipetane.com\/susisiekite-su-mumis\/"},"modified":"2022-04-11T07:45:48","modified_gmt":"2022-04-11T06:45:48","slug":"susisiekite-su-mumis","status":"publish","type":"page","link":"https:\/\/dipetane.com\/lt\/susisiekite-su-mumis\/","title":{"rendered":"Susisiekite su mumis"},"content":{"rendered":"<p>[et_pb_section fb_built=&#8221;1&#8243; fullwidth=&#8221;on&#8221; next_background_color=&#8221;#ffffff&#8221; admin_label=&#8221;Header Section&#8221; _builder_version=&#8221;4.4.0&#8243; background_color=&#8221;#000000&#8243; custom_padding=&#8221;|||&#8221; bottom_divider_style=&#8221;waves2&#8243; locked=&#8221;off&#8221;][et_pb_fullwidth_header title=&#8221;Susisiekite su mumis&#8221; subhead=&#8221;Nor\u0117tume i\u0161girsti j\u016bs\u0173 nuomon\u0119, susisiekite su mumis&#8221; text_orientation=&#8221;center&#8221; background_overlay_color=&#8221;rgba(0,0,0,0.4)&#8221; content_max_width_last_edited=&#8221;off|desktop&#8221; admin_label=&#8221;Contents&#8221; _builder_version=&#8221;4.3.4&#8243; title_font=&#8221;Oswald|||on|&#8221; title_text_align=&#8221;center&#8221; title_font_size=&#8221;80px&#8221; title_letter_spacing=&#8221;0.05em&#8221; title_line_height=&#8221;1.5em&#8221; subhead_font=&#8221;Nunito|600|||||||&#8221; subhead_font_size=&#8221;20px&#8221; subhead_line_height=&#8221;1.9em&#8221; background_color=&#8221;rgba(255,255,255,0)&#8221; background_image=&#8221;https:\/\/dipetane.com\/wp-content\/uploads\/2020\/03\/lucas-van-oort-RdLdIzuc4xM-unsplash-856&#215;1024.jpg&#8221; parallax=&#8221;on&#8221; parallax_method=&#8221;on&#8221; custom_button_one=&#8221;on&#8221; button_one_text_size=&#8221;15px&#8221; button_one_bg_color=&#8221;#dca57d&#8221; button_one_border_width=&#8221;10px&#8221; button_one_border_color=&#8221;#dca57d&#8221; button_one_border_radius=&#8221;0px&#8221; button_one_letter_spacing=&#8221;3px&#8221; button_one_font=&#8221;Oswald|||on|&#8221; button_one_use_icon=&#8221;off&#8221; custom_margin=&#8221;|||&#8221; custom_padding=&#8221;5%||5%|&#8221; animation_style=&#8221;fade&#8221; animation_starting_opacity=&#8221;50%&#8221; animation_speed_curve=&#8221;ease-in&#8221; title_font_size_tablet=&#8221;60px&#8221; title_font_size_phone=&#8221;40px&#8221; title_font_size_last_edited=&#8221;on|phone&#8221; button_one_border_color_hover=&#8221;#c99872&#8243; button_one_border_radius_hover=&#8221;0px&#8221; button_one_letter_spacing_hover=&#8221;3px&#8221; button_one_bg_color_hover=&#8221;#c99872&#8243; button_one_text_size__hover_enabled=&#8221;off&#8221; button_two_text_size__hover_enabled=&#8221;off&#8221; button_one_text_color__hover_enabled=&#8221;off&#8221; button_two_text_color__hover_enabled=&#8221;off&#8221; button_one_border_width__hover_enabled=&#8221;off&#8221; button_two_border_width__hover_enabled=&#8221;off&#8221; button_one_border_color__hover_enabled=&#8221;on&#8221; button_one_border_color__hover=&#8221;#c99872&#8243; button_two_border_color__hover_enabled=&#8221;off&#8221; button_one_border_radius__hover_enabled=&#8221;on&#8221; button_one_border_radius__hover=&#8221;0px&#8221; button_two_border_radius__hover_enabled=&#8221;off&#8221; button_one_letter_spacing__hover_enabled=&#8221;on&#8221; button_one_letter_spacing__hover=&#8221;3px&#8221; button_two_letter_spacing__hover_enabled=&#8221;off&#8221; button_one_bg_color__hover_enabled=&#8221;on&#8221; button_one_bg_color__hover=&#8221;#c99872&#8243; button_two_bg_color__hover_enabled=&#8221;off&#8221;][\/et_pb_fullwidth_header][\/et_pb_section][et_pb_section fb_built=&#8221;1&#8243; admin_label=&#8221;Best Beans&#8221; _builder_version=&#8221;3.22&#8243; background_color_gradient_direction=&#8221;90deg&#8221; custom_padding=&#8221;0px|0px|0px|0px&#8221; locked=&#8221;off&#8221;][et_pb_row column_structure=&#8221;1_2,1_2&#8243; use_custom_gutter=&#8221;on&#8221; gutter_width=&#8221;1&#8243; make_equal=&#8221;on&#8221; admin_label=&#8221;Best Beans Row&#8221; module_class=&#8221; et_pb_row_fullwidth&#8221; _builder_version=&#8221;4.4.0&#8243; width=&#8221;100%&#8221; width_tablet=&#8221;100%&#8221; width_phone=&#8221;&#8221; width_last_edited=&#8221;on|desktop&#8221; max_width=&#8221;100%&#8221; max_width_tablet=&#8221;100%&#8221; max_width_phone=&#8221;&#8221; max_width_last_edited=&#8221;on|desktop&#8221; custom_margin=&#8221;|||&#8221; custom_padding=&#8221;3%|0px|0px|0px|false|false&#8221; make_fullwidth=&#8221;on&#8221;][et_pb_column type=&#8221;1_2&#8243; _builder_version=&#8221;3.25&#8243; custom_padding=&#8221;80px|5%|80px|5%&#8221; custom_padding__hover=&#8221;|||&#8221;][et_pb_text admin_label=&#8221;Tittle&#8221; _builder_version=&#8221;4.3.4&#8243; text_font=&#8221;Nunito||||||||&#8221; text_font_size=&#8221;18px&#8221; text_line_height=&#8221;1.8em&#8221; header_font=&#8221;||||||||&#8221; header_text_align=&#8221;center&#8221; header_3_font=&#8221;Oswald|||on|||||&#8221; header_3_text_color=&#8221;#034d95&#8243; header_3_font_size=&#8221;42px&#8221; header_3_letter_spacing=&#8221;2px&#8221; header_3_line_height=&#8221;1.5em&#8221; max_width=&#8221;600px&#8221; max_width_tablet=&#8221;&#8221; max_width_phone=&#8221;&#8221; max_width_last_edited=&#8221;on|phone&#8221; module_alignment=&#8221;left&#8221; custom_margin=&#8221;|||&#8221; locked=&#8221;off&#8221;]<\/p>\n<h3>Para\u0161ykite mums el.pa\u0161tu<\/h3>\n<p>[\/et_pb_text][et_pb_text _builder_version=&#8221;4.4.1&#8243; text_font_size=&#8221;17px&#8221; text_line_height=&#8221;1.8em&#8221; hover_enabled=&#8221;0&#8243; custom_margin=&#8221;||||false|false&#8221; custom_padding=&#8221;||24px||false|false&#8221; header_4_text_color=&#8221;#6cb644&#8243;]<\/p>\n<h4>Susisiekite su mumis.<\/h4>\n<p>Tel: +370 66 427247<br \/>\nEl.pa\u0161tas: info@liatroma.lt<\/p>\n<p>Liatroma MB Dipetane<br \/>\nVilky\u010di\u0173 g. 15B-10<br \/>\nVilky\u010diai<br \/>\n\u0160ilut\u0117s r.<\/p>\n<p>LT-99370<\/p>\n<p>Lietuva<\/p>\n<p>[\/et_pb_text][\/et_pb_column][et_pb_column type=&#8221;1_2&#8243; _builder_version=&#8221;4.4.0&#8243; background_color=&#8221;rgba(255,255,255,0.9)&#8221; background_image=&#8221;https:\/\/dipetane.com\/wp-content\/uploads\/2020\/03\/engine-bay.jpg&#8221; background_repeat=&#8221;repeat&#8221; background_blend=&#8221;saturation&#8221; custom_padding=&#8221;5%|5%|80px|5%|false|false&#8221; custom_padding__hover=&#8221;|||&#8221;][et_pb_blurb title=&#8221;Liatroma MB Dipetane adresas&#8221; content_max_width=&#8221;100%&#8221; _builder_version=&#8221;4.4.1&#8243; header_level=&#8221;h2&#8243; header_font=&#8221;Oswald|||on|||||&#8221; header_text_align=&#8221;center&#8221; header_font_size=&#8221;40px&#8221; header_line_height=&#8221;1.8em&#8221; body_font=&#8221;Nunito||||||||&#8221; body_text_align=&#8221;center&#8221; body_font_size=&#8221;18px&#8221; body_line_height=&#8221;1.8em&#8221; text_orientation=&#8221;center&#8221; hover_enabled=&#8221;0&#8243; header_text_color=&#8221;#034d95&#8243;]https:\/\/maps.app.goo.gl\/orvPdQHPc4JM91pQ8[\/et_pb_blurb][\/et_pb_column][\/et_pb_row][\/et_pb_section][et_pb_section fb_built=&#8221;1&#8243; fullwidth=&#8221;on&#8221; admin_label=&#8221;Map Section&#8221; _builder_version=&#8221;4.4.0&#8243; custom_margin=&#8221;3%||3%||true|false&#8221;][et_pb_fullwidth_map address=&#8221;Kilcoole Ind estate, Creowen, Kilcoole, Co. Wicklow, Ireland&#8221; zoom_level=&#8221;15&#8243; address_lat=&#8221;53.1000438&#8243; address_lng=&#8221;-6.0684752&#8243; _builder_version=&#8221;4.4.0&#8243; background_color=&#8221;rgba(0,0,0,0)&#8221;][et_pb_map_pin title=&#8221;Dipetane&#8221; pin_address=&#8221;Kilcoole Ind estate, Creowen, Kilcoole, Co. Wicklow, Ireland&#8221; zoom_level=&#8221;14&#8243; pin_address_lat=&#8221;53.1000438&#8243; pin_address_lng=&#8221;-6.0684752&#8243; _builder_version=&#8221;4.4.0&#8243;][\/et_pb_map_pin][\/et_pb_fullwidth_map][\/et_pb_section]<\/p>\n","protected":false},"excerpt":{"rendered":"<p>Para\u0161ykite mums el.pa\u0161tu Susisiekite su mumis. Tel: +370 66 427247 El.pa\u0161tas: info@liatroma.lt Liatroma MB Dipetane Vilky\u010di\u0173 g. 15B-10 Vilky\u010diai \u0160ilut\u0117s r. LT-99370 Lietuva https:\/\/maps.app.goo.gl\/orvPdQHPc4JM91pQ8<\/p>\n","protected":false},"author":1,"featured_media":0,"parent":0,"menu_order":0,"comment_status":"closed","ping_status":"closed","template":"","meta":{"_et_pb_use_builder":"on","_et_pb_old_content":"","_et_gb_content_width":"","footnotes":""},"class_list":["post-1228","page","type-page","status-publish","hentry"],"yoast_head":"<!-- This site is optimized with the Yoast SEO plugin v27.2 - https:\/\/yoast.com\/product\/yoast-seo-wordpress\/ -->\n<title>Susisiekite su mumis - Dipetane<\/title>\n<meta name=\"robots\" content=\"index, follow, max-snippet:-1, max-image-preview:large, max-video-preview:-1\" \/>\n<link rel=\"canonical\" href=\"https:\/\/dipetane.com\/contact-us\/\" \/>\n<meta property=\"og:locale\" content=\"lt_LT\" \/>\n<meta property=\"og:type\" content=\"article\" \/>\n<meta property=\"og:title\" content=\"Susisiekite su mumis - Dipetane\" \/>\n<meta property=\"og:description\" content=\"Para\u0161ykite mums el.pa\u0161tu Susisiekite su mumis. Tel: +370 66 427247 El.pa\u0161tas: info@liatroma.lt Liatroma MB Dipetane Vilky\u010di\u0173 g. 15B-10 Vilky\u010diai \u0160ilut\u0117s r. LT-99370 Lietuva https:\/\/maps.app.goo.gl\/orvPdQHPc4JM91pQ8\" \/>\n<meta property=\"og:url\" content=\"https:\/\/dipetane.com\/contact-us\/\" \/>\n<meta property=\"og:site_name\" content=\"Dipetane\" \/>\n<meta property=\"article:modified_time\" content=\"2022-04-11T06:45:48+00:00\" \/>\n<meta name=\"twitter:card\" content=\"summary_large_image\" \/>\n<meta name=\"twitter:label1\" content=\"Est. reading time\" \/>\n\t<meta name=\"twitter:data1\" content=\"4 minut\u0117s\" \/>\n<script type=\"application\/ld+json\" class=\"yoast-schema-graph\">{\"@context\":\"https:\/\/schema.org\",\"@graph\":[{\"@type\":\"WebPage\",\"@id\":\"https:\/\/dipetane.com\/contact-us\/\",\"url\":\"https:\/\/dipetane.com\/contact-us\/\",\"name\":\"Susisiekite su mumis - Dipetane\",\"isPartOf\":{\"@id\":\"https:\/\/dipetane.com\/#website\"},\"datePublished\":\"2022-02-24T09:29:55+00:00\",\"dateModified\":\"2022-04-11T06:45:48+00:00\",\"breadcrumb\":{\"@id\":\"https:\/\/dipetane.com\/contact-us\/#breadcrumb\"},\"inLanguage\":\"lt-LT\",\"potentialAction\":[{\"@type\":\"ReadAction\",\"target\":[\"https:\/\/dipetane.com\/contact-us\/\"]}]},{\"@type\":\"BreadcrumbList\",\"@id\":\"https:\/\/dipetane.com\/contact-us\/#breadcrumb\",\"itemListElement\":[{\"@type\":\"ListItem\",\"position\":1,\"name\":\"Home\",\"item\":\"https:\/\/dipetane.com\/lt\/\"},{\"@type\":\"ListItem\",\"position\":2,\"name\":\"Susisiekite su mumis\"}]},{\"@type\":\"WebSite\",\"@id\":\"https:\/\/dipetane.com\/#website\",\"url\":\"https:\/\/dipetane.com\/\",\"name\":\"Dipetane\",\"description\":\"Up to 10% better fuel consumption\",\"potentialAction\":[{\"@type\":\"SearchAction\",\"target\":{\"@type\":\"EntryPoint\",\"urlTemplate\":\"https:\/\/dipetane.com\/?s={search_term_string}\"},\"query-input\":{\"@type\":\"PropertyValueSpecification\",\"valueRequired\":true,\"valueName\":\"search_term_string\"}}],\"inLanguage\":\"lt-LT\"}]}<\/script>\n<!-- \/ Yoast SEO plugin. -->","yoast_head_json":{"title":"Susisiekite su mumis - Dipetane","robots":{"index":"index","follow":"follow","max-snippet":"max-snippet:-1","max-image-preview":"max-image-preview:large","max-video-preview":"max-video-preview:-1"},"canonical":"https:\/\/dipetane.com\/contact-us\/","og_locale":"lt_LT","og_type":"article","og_title":"Susisiekite su mumis - Dipetane","og_description":"Para\u0161ykite mums el.pa\u0161tu Susisiekite su mumis. Tel: +370 66 427247 El.pa\u0161tas: info@liatroma.lt Liatroma MB Dipetane Vilky\u010di\u0173 g. 15B-10 Vilky\u010diai \u0160ilut\u0117s r. LT-99370 Lietuva https:\/\/maps.app.goo.gl\/orvPdQHPc4JM91pQ8","og_url":"https:\/\/dipetane.com\/contact-us\/","og_site_name":"Dipetane","article_modified_time":"2022-04-11T06:45:48+00:00","twitter_card":"summary_large_image","twitter_misc":{"Est. reading time":"4 minut\u0117s"},"schema":{"@context":"https:\/\/schema.org","@graph":[{"@type":"WebPage","@id":"https:\/\/dipetane.com\/contact-us\/","url":"https:\/\/dipetane.com\/contact-us\/","name":"Susisiekite su mumis - Dipetane","isPartOf":{"@id":"https:\/\/dipetane.com\/#website"},"datePublished":"2022-02-24T09:29:55+00:00","dateModified":"2022-04-11T06:45:48+00:00","breadcrumb":{"@id":"https:\/\/dipetane.com\/contact-us\/#breadcrumb"},"inLanguage":"lt-LT","potentialAction":[{"@type":"ReadAction","target":["https:\/\/dipetane.com\/contact-us\/"]}]},{"@type":"BreadcrumbList","@id":"https:\/\/dipetane.com\/contact-us\/#breadcrumb","itemListElement":[{"@type":"ListItem","position":1,"name":"Home","item":"https:\/\/dipetane.com\/lt\/"},{"@type":"ListItem","position":2,"name":"Susisiekite su mumis"}]},{"@type":"WebSite","@id":"https:\/\/dipetane.com\/#website","url":"https:\/\/dipetane.com\/","name":"Dipetane","description":"Up to 10% better fuel consumption","potentialAction":[{"@type":"SearchAction","target":{"@type":"EntryPoint","urlTemplate":"https:\/\/dipetane.com\/?s={search_term_string}"},"query-input":{"@type":"PropertyValueSpecification","valueRequired":true,"valueName":"search_term_string"}}],"inLanguage":"lt-LT"}]}},"_links":{"self":[{"href":"https:\/\/dipetane.com\/lt\/wp-json\/wp\/v2\/pages\/1228","targetHints":{"allow":["GET"]}}],"collection":[{"href":"https:\/\/dipetane.com\/lt\/wp-json\/wp\/v2\/pages"}],"about":[{"href":"https:\/\/dipetane.com\/lt\/wp-json\/wp\/v2\/types\/page"}],"author":[{"embeddable":true,"href":"https:\/\/dipetane.com\/lt\/wp-json\/wp\/v2\/users\/1"}],"replies":[{"embeddable":true,"href":"https:\/\/dipetane.com\/lt\/wp-json\/wp\/v2\/comments?post=1228"}],"version-history":[{"count":0,"href":"https:\/\/dipetane.com\/lt\/wp-json\/wp\/v2\/pages\/1228\/revisions"}],"wp:attachment":[{"href":"https:\/\/dipetane.com\/lt\/wp-json\/wp\/v2\/media?parent=1228"}],"curies":[{"name":"wp","href":"https:\/\/api.w.org\/{rel}","templated":true}]}}