{"id":986,"date":"2020-03-05T13:30:02","date_gmt":"2020-03-05T13:30:02","guid":{"rendered":"https:\/\/dipetane.com\/how-dipetane-works\/"},"modified":"2023-12-22T16:07:07","modified_gmt":"2023-12-22T16:07:07","slug":"como-funciona-dipetane","status":"publish","type":"page","link":"https:\/\/dipetane.com\/es\/como-funciona-dipetane\/","title":{"rendered":"C\u00f3mo funciona Dipetane"},"content":{"rendered":"<p>[et_pb_section fb_built=\u00bb1&#8243; fullwidth=\u00bbon\u00bb next_background_color=\u00bb#ffffff\u00bb admin_label=\u00bbHeader Section\u00bb _builder_version=\u00bb4.16&#8243; background_color=\u00bb#000000&#8243; custom_padding=\u00bb|||\u00bb bottom_divider_style=\u00bbwaves2&#8243; global_colors_info=\u00bb{}\u00bb][et_pb_fullwidth_header title=\u00bbEsto no es m\u00e1gia, es ciencia\u00bb subhead=\u00bbC\u00f3mo funciona Dipetane\u00bb text_orientation=\u00bbcenter\u00bb header_fullscreen=\u00bbon\u00bb header_scroll_down=\u00bbon\u00bb scroll_down_icon=\u00bb%%2%%\u00bb scroll_down_icon_color=\u00bb#ffffff\u00bb button_one_text=\u00bbMu\u00e9stramelo\u00bb background_overlay_color=\u00bbrgba(0,0,0,0.7)\u00bb content_max_width_last_edited=\u00bboff|desktop\u00bb admin_label=\u00bbContents\u00bb _builder_version=\u00bb4.23.1&#8243; title_font=\u00bbOswald|||on|\u00bb title_text_align=\u00bbcenter\u00bb title_font_size=\u00bb80px\u00bb title_letter_spacing=\u00bb0.05em\u00bb title_line_height=\u00bb1.5em\u00bb subhead_font=\u00bbNunito|600|||||||\u00bb subhead_font_size=\u00bb20px\u00bb subhead_line_height=\u00bb1.9em\u00bb background_color=\u00bbrgba(255, 255, 255, 0)\u00bb background_image=\u00bbhttps:\/\/dipetane.com\/wp-content\/uploads\/2020\/03\/see-through-car.jpg\u00bb parallax=\u00bbon\u00bb parallax_method=\u00bbon\u00bb custom_button_one=\u00bbon\u00bb button_one_text_size=\u00bb15px\u00bb button_one_text_color=\u00bb#ffffff\u00bb button_one_bg_color=\u00bb#034D95&#8243; button_one_border_width=\u00bb0px\u00bb button_one_border_color=\u00bb#dca57d\u00bb button_one_border_radius=\u00bb0px\u00bb button_one_letter_spacing=\u00bb3px\u00bb button_one_font=\u00bbOswald|||on|\u00bb button_one_use_icon=\u00bboff\u00bb button_one_custom_padding=\u00bb20px|25px|20px|25px|true|true\u00bb animation_style=\u00bbfade\u00bb animation_starting_opacity=\u00bb50%\u00bb animation_speed_curve=\u00bbease-in\u00bb hover_enabled=\u00bb0&#8243; title_font_size_tablet=\u00bb60px\u00bb title_font_size_phone=\u00bb40px\u00bb title_font_size_last_edited=\u00bbon|phone\u00bb button_one_border_color_hover=\u00bb#c99872&#8243; button_one_border_radius_hover=\u00bb0px\u00bb button_one_letter_spacing_hover=\u00bb3px\u00bb button_one_bg_color_hover=\u00bb#c99872&#8243; global_colors_info=\u00bb{}\u00bb button_one_text_size__hover_enabled=\u00bboff\u00bb button_two_text_size__hover_enabled=\u00bboff\u00bb button_one_text_color__hover_enabled=\u00bboff\u00bb button_two_text_color__hover_enabled=\u00bboff\u00bb button_one_border_width__hover_enabled=\u00bboff\u00bb button_two_border_width__hover_enabled=\u00bboff\u00bb button_one_border_color__hover_enabled=\u00bbon\u00bb button_one_border_color__hover=\u00bb#c99872&#8243; button_two_border_color__hover_enabled=\u00bboff\u00bb button_one_border_radius__hover_enabled=\u00bbon\u00bb button_one_border_radius__hover=\u00bb0px\u00bb button_two_border_radius__hover_enabled=\u00bboff\u00bb button_one_letter_spacing__hover_enabled=\u00bbon\u00bb button_one_letter_spacing__hover=\u00bb3px\u00bb button_two_letter_spacing__hover_enabled=\u00bboff\u00bb button_one_bg_color__hover_enabled=\u00bbon\u00bb button_one_bg_color__hover=\u00bb#c99872&#8243; button_two_bg_color__hover_enabled=\u00bboff\u00bb custom_padding=\u00bb||50px||false|false\u00bb sticky_enabled=\u00bb0&#8243;][\/et_pb_fullwidth_header][\/et_pb_section][et_pb_section fb_built=\u00bb1&#8243; admin_label=\u00bbBrewing Overview\u00bb _builder_version=\u00bb4.16&#8243; custom_margin=\u00bb|||\u00bb custom_padding=\u00bb100px||50px|\u00bb locked=\u00bboff\u00bb global_colors_info=\u00bb{}\u00bb][et_pb_row column_structure=\u00bb1_2,1_4,1_4&#8243; _builder_version=\u00bb4.16&#8243; background_size=\u00bbinitial\u00bb background_position=\u00bbtop_left\u00bb background_repeat=\u00bbrepeat\u00bb animation_style=\u00bbfade\u00bb global_colors_info=\u00bb{}\u00bb][et_pb_column type=\u00bb1_2&#8243; _builder_version=\u00bb4.16&#8243; custom_padding=\u00bb|||\u00bb global_colors_info=\u00bb{}\u00bb custom_padding__hover=\u00bb|||\u00bb][et_pb_text _builder_version=\u00bb4.16&#8243; text_font=\u00bbNunito||||\u00bb text_font_size=\u00bb24px\u00bb text_line_height=\u00bb1.8em\u00bb header_font=\u00bbOswald|||on|\u00bb header_font_size=\u00bb16px\u00bb header_letter_spacing=\u00bb2px\u00bb header_line_height=\u00bb1.7em\u00bb header_4_font=\u00bbOswald|||on|||||\u00bb header_4_font_size=\u00bb16px\u00bb header_4_letter_spacing=\u00bb1px\u00bb header_4_line_height=\u00bb1.5em\u00bb background_size=\u00bbinitial\u00bb background_position=\u00bbtop_left\u00bb background_repeat=\u00bbrepeat\u00bb max_width=\u00bb600px\u00bb max_width_tablet=\u00bb\u00bb max_width_phone=\u00bb\u00bb max_width_last_edited=\u00bbon|phone\u00bb module_alignment=\u00bbcenter\u00bb custom_margin=\u00bb|||\u00bb global_colors_info=\u00bb{}\u00bb]<\/p>\n<h4>Qu\u00e9 es Dipetane<\/h4>\n<p>Dipetane es un tratamiento l\u00edquido 100% hidrocarburo, no contiene ning\u00fan agente qu\u00edmico, al contrario que el resto de aditivos. No contiene nada que no est\u00e9 ya presente en el combustible.<\/p>\n<p>[\/et_pb_text][\/et_pb_column][et_pb_column type=\u00bb1_4&#8243; _builder_version=\u00bb4.16&#8243; custom_padding=\u00bb|||\u00bb global_colors_info=\u00bb{}\u00bb custom_padding__hover=\u00bb|||\u00bb][et_pb_text _builder_version=\u00bb4.16&#8243; text_font=\u00bbNunito||||\u00bb text_font_size=\u00bb16px\u00bb text_line_height=\u00bb1.8em\u00bb header_font=\u00bbOswald|||on|\u00bb header_font_size=\u00bb16px\u00bb header_letter_spacing=\u00bb2px\u00bb header_line_height=\u00bb1.7em\u00bb header_4_font=\u00bbOswald|||on|||||\u00bb header_4_font_size=\u00bb16px\u00bb header_4_letter_spacing=\u00bb1px\u00bb header_4_line_height=\u00bb1.5em\u00bb background_size=\u00bbinitial\u00bb background_position=\u00bbtop_left\u00bb background_repeat=\u00bbrepeat\u00bb max_width=\u00bb600px\u00bb max_width_tablet=\u00bb\u00bb max_width_phone=\u00bb\u00bb max_width_last_edited=\u00bbon|phone\u00bb module_alignment=\u00bbcenter\u00bb custom_margin=\u00bb|||\u00bb locked=\u00bboff\u00bb global_colors_info=\u00bb{}\u00bb]<\/p>\n<h4>Tests independientes<\/h4>\n<p>Se han llevado a cabo un amplio n\u00famero de tests en laboratorios independientes y en carretera con Dipetane. Puedes comprobar estos tests para verificar nuestras conclusiones sobre el rendimiento de Dipetane.<\/p>\n<p>[\/et_pb_text][\/et_pb_column][et_pb_column type=\u00bb1_4&#8243; _builder_version=\u00bb4.16&#8243; custom_padding=\u00bb|||\u00bb global_colors_info=\u00bb{}\u00bb custom_padding__hover=\u00bb|||\u00bb][et_pb_text _builder_version=\u00bb4.16&#8243; text_font=\u00bbNunito||||\u00bb text_font_size=\u00bb16px\u00bb text_line_height=\u00bb1.8em\u00bb header_font=\u00bbOswald|||on|\u00bb header_font_size=\u00bb16px\u00bb header_letter_spacing=\u00bb2px\u00bb header_line_height=\u00bb1.7em\u00bb header_4_font=\u00bbOswald|||on|||||\u00bb header_4_font_size=\u00bb16px\u00bb header_4_letter_spacing=\u00bb1px\u00bb header_4_line_height=\u00bb1.5em\u00bb background_size=\u00bbinitial\u00bb background_position=\u00bbtop_left\u00bb background_repeat=\u00bbrepeat\u00bb max_width=\u00bb600px\u00bb max_width_tablet=\u00bb\u00bb max_width_phone=\u00bb\u00bb max_width_last_edited=\u00bbon|phone\u00bb module_alignment=\u00bbcenter\u00bb custom_margin=\u00bb|||\u00bb locked=\u00bboff\u00bb global_colors_info=\u00bb{}\u00bb]<\/p>\n<h4>C\u00f3mo funciona Dipetane<\/h4>\n<p>Dipetane incrementa el kilometraje por dep\u00f3sito en, al menos, un 10%, gracias a que mejora la combusit\u00f3n, haci\u00e9ndola m\u00e1s eficiente y completa.<\/p>\n<p>[\/et_pb_text][\/et_pb_column][\/et_pb_row][\/et_pb_section][et_pb_section fb_built=\u00bb1&#8243; admin_label=\u00bbHow Dipetane works\u00bb _builder_version=\u00bb4.16&#8243; global_colors_info=\u00bb{}\u00bb][et_pb_row _builder_version=\u00bb4.16&#8243; global_colors_info=\u00bb{}\u00bb][et_pb_column type=\u00bb4_4&#8243; _builder_version=\u00bb4.16&#8243; custom_padding=\u00bb|||\u00bb global_colors_info=\u00bb{}\u00bb custom_padding__hover=\u00bb|||\u00bb][et_pb_divider color=\u00bbrgba(0,0,0,0.09)\u00bb divider_weight=\u00bb3px\u00bb _builder_version=\u00bb4.16&#8243; global_colors_info=\u00bb{}\u00bb][\/et_pb_divider][et_pb_text _builder_version=\u00bb4.16&#8243; text_font=\u00bbNunito||||||||\u00bb text_font_size=\u00bb18px\u00bb text_line_height=\u00bb1.8em\u00bb header_text_align=\u00bbcenter\u00bb header_font_size=\u00bb16px\u00bb header_letter_spacing=\u00bb2px\u00bb header_line_height=\u00bb1.7em\u00bb header_3_font=\u00bbOswald|||on|||||\u00bb header_3_text_color=\u00bb#034D95&#8243; header_3_font_size=\u00bb42px\u00bb header_3_letter_spacing=\u00bb2px\u00bb header_3_line_height=\u00bb1.5em\u00bb header_4_font=\u00bbOswald|||on|||||\u00bb header_4_font_size=\u00bb16px\u00bb header_4_letter_spacing=\u00bb1px\u00bb header_4_line_height=\u00bb1.5em\u00bb background_size=\u00bbinitial\u00bb background_position=\u00bbtop_left\u00bb background_repeat=\u00bbrepeat\u00bb max_width=\u00bb70%\u00bb max_width_tablet=\u00bb\u00bb max_width_phone=\u00bb\u00bb max_width_last_edited=\u00bbon|phone\u00bb module_alignment=\u00bbleft\u00bb custom_margin=\u00bb|||\u00bb locked=\u00bboff\u00bb global_colors_info=\u00bb{}\u00bb]<\/p>\n<h3>Paso 1: A\u00f1ade Dipetane al combustible<\/h3>\n<p>La proporci\u00f3n es siempre 1:200. Es decir, 1 litro de Dipetane trata 200 litros de cualquier combustible. (Gasolina, Di\u00e9sel, Queroseno).<\/p>\n<p>[\/et_pb_text][et_pb_image src=\u00bbhttps:\/\/dipetane.com\/wp-content\/uploads\/2020\/03\/step-1.jpg\u00bb align_tablet=\u00bbcenter\u00bb align_phone=\u00bb\u00bb align_last_edited=\u00bbon|desktop\u00bb _builder_version=\u00bb4.16&#8243; global_colors_info=\u00bb{}\u00bb][\/et_pb_image][\/et_pb_column][\/et_pb_row][\/et_pb_section][et_pb_section fb_built=\u00bb1&#8243; admin_label=\u00bbSectionBrewing Step\u00bb _builder_version=\u00bb4.16&#8243; global_colors_info=\u00bb{}\u00bb][et_pb_row _builder_version=\u00bb4.16&#8243; global_colors_info=\u00bb{}\u00bb][et_pb_column type=\u00bb4_4&#8243; _builder_version=\u00bb4.16&#8243; custom_padding=\u00bb|||\u00bb global_colors_info=\u00bb{}\u00bb custom_padding__hover=\u00bb|||\u00bb][et_pb_divider color=\u00bbrgba(0,0,0,0.09)\u00bb divider_weight=\u00bb3px\u00bb _builder_version=\u00bb4.16&#8243; global_colors_info=\u00bb{}\u00bb][\/et_pb_divider][et_pb_text _builder_version=\u00bb4.16&#8243; text_font=\u00bbNunito||||||||\u00bb text_font_size=\u00bb18px\u00bb text_line_height=\u00bb1.8em\u00bb header_text_align=\u00bbcenter\u00bb header_font_size=\u00bb16px\u00bb header_letter_spacing=\u00bb2px\u00bb header_line_height=\u00bb1.7em\u00bb header_3_font=\u00bbOswald|||on|||||\u00bb header_3_text_color=\u00bb#034D95&#8243; header_3_font_size=\u00bb42px\u00bb header_3_letter_spacing=\u00bb2px\u00bb header_3_line_height=\u00bb1.5em\u00bb header_4_font=\u00bbOswald|||on|||||\u00bb header_4_font_size=\u00bb16px\u00bb header_4_letter_spacing=\u00bb1px\u00bb header_4_line_height=\u00bb1.5em\u00bb background_size=\u00bbinitial\u00bb background_position=\u00bbtop_left\u00bb background_repeat=\u00bbrepeat\u00bb max_width=\u00bb70%\u00bb max_width_tablet=\u00bb\u00bb max_width_phone=\u00bb\u00bb max_width_last_edited=\u00bbon|phone\u00bb module_alignment=\u00bbleft\u00bb custom_margin=\u00bb|||\u00bb locked=\u00bboff\u00bb global_colors_info=\u00bb{}\u00bb]<\/p>\n<h3>Paso 2: Limpia la c\u00e1mara de combusti\u00f3n e inyectores<\/h3>\n<p>Quemando mayor cantidad de carbono, los dep\u00f3sitos generados por el carbono no consumido que se generan en cualquier veh\u00edculo o caldera no aumentan.<br \/> A\u00f1adiendo Dipetane, esos dep\u00f3sitos de carbono se desintegran, precipitan y no regresan.<\/p>\n<p>[\/et_pb_text][et_pb_image src=\u00bbhttps:\/\/dipetane.com\/wp-content\/uploads\/2020\/03\/step-2.jpg\u00bb align_tablet=\u00bbcenter\u00bb align_phone=\u00bb\u00bb align_last_edited=\u00bbon|desktop\u00bb _builder_version=\u00bb4.16&#8243; global_colors_info=\u00bb{}\u00bb][\/et_pb_image][\/et_pb_column][\/et_pb_row][\/et_pb_section][et_pb_section fb_built=\u00bb1&#8243; admin_label=\u00bbBrewing Step\u00bb _builder_version=\u00bb4.16&#8243; global_colors_info=\u00bb{}\u00bb][et_pb_row _builder_version=\u00bb4.16&#8243; global_colors_info=\u00bb{}\u00bb][et_pb_column type=\u00bb4_4&#8243; _builder_version=\u00bb4.16&#8243; custom_padding=\u00bb|||\u00bb global_colors_info=\u00bb{}\u00bb custom_padding__hover=\u00bb|||\u00bb][et_pb_divider color=\u00bbrgba(0,0,0,0.09)\u00bb divider_weight=\u00bb3px\u00bb _builder_version=\u00bb4.16&#8243; global_colors_info=\u00bb{}\u00bb][\/et_pb_divider][et_pb_text _builder_version=\u00bb4.16&#8243; text_font=\u00bbNunito||||||||\u00bb text_font_size=\u00bb18px\u00bb text_line_height=\u00bb1.8em\u00bb header_text_align=\u00bbcenter\u00bb header_font_size=\u00bb16px\u00bb header_letter_spacing=\u00bb2px\u00bb header_line_height=\u00bb1.7em\u00bb header_3_font=\u00bbOswald|||on|||||\u00bb header_3_text_color=\u00bb#034D95&#8243; header_3_font_size=\u00bb42px\u00bb header_3_letter_spacing=\u00bb2px\u00bb header_3_line_height=\u00bb1.5em\u00bb header_4_font=\u00bbOswald|||on|||||\u00bb header_4_font_size=\u00bb16px\u00bb header_4_letter_spacing=\u00bb1px\u00bb header_4_line_height=\u00bb1.5em\u00bb background_size=\u00bbinitial\u00bb background_position=\u00bbtop_left\u00bb background_repeat=\u00bbrepeat\u00bb max_width=\u00bb70%\u00bb max_width_tablet=\u00bb\u00bb max_width_phone=\u00bb\u00bb max_width_last_edited=\u00bbon|phone\u00bb module_alignment=\u00bbleft\u00bb custom_margin=\u00bb|||\u00bb locked=\u00bboff\u00bb global_colors_info=\u00bb{}\u00bb]<\/p>\n<h3>Paso 3: Limpia tu filtro de part\u00edculas (DPF) y el convertidor catal\u00edtico<\/h3>\n<p>Usa el tratamiento de combustible Dipetane, que est\u00e1 dise\u00f1ado para mantener los inyectores ultra limpios y aportar el beneficio crucial adicional de una lubricaci\u00f3n adicional. La lubricaci\u00f3n adicional que solo puede proporcionar Dipetane contrarresta la disminuci\u00f3n de la lubricaci\u00f3n provocada por la reducci\u00f3n del 80 % del azufre del combustible di\u00e9sel. El azufre en el diesel proporcionaba una lubricaci\u00f3n vital para proteger los inyectores del desgaste, Dipetane ahora compensa esta p\u00e9rdida.<\/p>\n<p>[\/et_pb_text][et_pb_image src=\u00bbhttps:\/\/dipetane.com\/wp-content\/uploads\/2020\/03\/step-3.jpg\u00bb align_tablet=\u00bbcenter\u00bb align_phone=\u00bb\u00bb align_last_edited=\u00bbon|desktop\u00bb _builder_version=\u00bb4.16&#8243; global_colors_info=\u00bb{}\u00bb][\/et_pb_image][\/et_pb_column][\/et_pb_row][\/et_pb_section][et_pb_section fb_built=\u00bb1&#8243; admin_label=\u00bbBrewing Step\u00bb _builder_version=\u00bb4.16&#8243; custom_padding=\u00bb54px|0px|100px|0px\u00bb global_colors_info=\u00bb{}\u00bb][et_pb_row _builder_version=\u00bb4.16&#8243; global_colors_info=\u00bb{}\u00bb][et_pb_column type=\u00bb4_4&#8243; _builder_version=\u00bb4.16&#8243; custom_padding=\u00bb|||\u00bb global_colors_info=\u00bb{}\u00bb custom_padding__hover=\u00bb|||\u00bb][et_pb_divider color=\u00bbrgba(0,0,0,0.09)\u00bb divider_weight=\u00bb3px\u00bb _builder_version=\u00bb4.16&#8243; global_colors_info=\u00bb{}\u00bb][\/et_pb_divider][et_pb_text _builder_version=\u00bb4.16&#8243; text_font=\u00bbNunito||||||||\u00bb text_font_size=\u00bb18px\u00bb text_line_height=\u00bb1.8em\u00bb header_text_align=\u00bbcenter\u00bb header_font_size=\u00bb16px\u00bb header_letter_spacing=\u00bb2px\u00bb header_line_height=\u00bb1.7em\u00bb header_3_font=\u00bbOswald|||on|||||\u00bb header_3_text_color=\u00bb#034D95&#8243; header_3_font_size=\u00bb42px\u00bb header_3_letter_spacing=\u00bb2px\u00bb header_3_line_height=\u00bb1.5em\u00bb header_4_font=\u00bbOswald|||on|||||\u00bb header_4_font_size=\u00bb16px\u00bb header_4_letter_spacing=\u00bb1px\u00bb header_4_line_height=\u00bb1.5em\u00bb background_size=\u00bbinitial\u00bb background_position=\u00bbtop_left\u00bb background_repeat=\u00bbrepeat\u00bb max_width=\u00bb70%\u00bb max_width_tablet=\u00bb\u00bb max_width_phone=\u00bb\u00bb max_width_last_edited=\u00bbon|phone\u00bb module_alignment=\u00bbleft\u00bb custom_margin=\u00bb|||\u00bb locked=\u00bboff\u00bb global_colors_info=\u00bb{}\u00bb]<\/p>\n<h3>Paso 4: Disfruta de todos los beneficios<\/h3>\n<ul class=\"arrow\">\n<li>Ayuda a aprobar las nuevas regulaciones de emisi\u00f3n de humos, CO2 y NOx de la ITV.<\/li>\n<li>Al menos un 10% de incremento en el kilometraje por dep\u00f3sito<\/li>\n<li>Hasta un 35% de reducci\u00f3n de NOx &#8216;inmediato&#8217;, reduciendo a\u00fan m\u00e1s todos los NOx de los convertidores catal\u00edticos.<\/li>\n<li>M\u00e1s de un 25% menos de CO2.<\/li>\n<\/ul>\n<p>[\/et_pb_text][et_pb_image src=\u00bbhttps:\/\/dipetane.com\/wp-content\/uploads\/2020\/03\/step-4.jpg\u00bb align_tablet=\u00bbcenter\u00bb align_phone=\u00bb\u00bb align_last_edited=\u00bbon|desktop\u00bb _builder_version=\u00bb4.16&#8243; global_colors_info=\u00bb{}\u00bb][\/et_pb_image][\/et_pb_column][\/et_pb_row][\/et_pb_section]<\/p>\n","protected":false},"excerpt":{"rendered":"<p>Qu\u00e9 es Dipetane Dipetane es un tratamiento l\u00edquido 100% hidrocarburo, no contiene ning\u00fan agente qu\u00edmico, al contrario que el resto de aditivos. No contiene nada que no est\u00e9 ya presente en el combustible.Tests independientes Se han llevado a cabo un amplio n\u00famero de tests en laboratorios independientes y en carretera con Dipetane. Puedes comprobar estos [&hellip;]<\/p>\n","protected":false},"author":1,"featured_media":0,"parent":0,"menu_order":0,"comment_status":"closed","ping_status":"closed","template":"","meta":{"_et_pb_use_builder":"on","_et_pb_old_content":"","_et_gb_content_width":"","footnotes":""},"class_list":["post-986","page","type-page","status-publish","hentry"],"yoast_head":"<!-- This site is optimized with the Yoast SEO plugin v27.2 - https:\/\/yoast.com\/product\/yoast-seo-wordpress\/ -->\n<title>C\u00f3mo funciona Dipetane - un 10% m\u00e1s de kil\u00f3metros por dep\u00f3sito<\/title>\n<meta name=\"description\" content=\"C\u00f3mo funciona Dipetane, la \u00fanica tecnolog\u00eda sin aditivos qu\u00edmicos que reduce las emisiones e incrementa el kilometraje por dep\u00f3sito.\" \/>\n<meta name=\"robots\" content=\"index, follow, max-snippet:-1, max-image-preview:large, max-video-preview:-1\" \/>\n<link rel=\"canonical\" href=\"https:\/\/dipetane.com\/es\/como-funciona-dipetane\/\" \/>\n<meta property=\"og:locale\" content=\"es_ES\" \/>\n<meta property=\"og:type\" content=\"article\" \/>\n<meta property=\"og:title\" content=\"C\u00f3mo funciona Dipetane - un 10% m\u00e1s de kil\u00f3metros por dep\u00f3sito\" \/>\n<meta property=\"og:description\" content=\"C\u00f3mo funciona Dipetane, la \u00fanica tecnolog\u00eda sin aditivos qu\u00edmicos que reduce las emisiones e incrementa el kilometraje por dep\u00f3sito.\" \/>\n<meta property=\"og:url\" content=\"https:\/\/dipetane.com\/es\/como-funciona-dipetane\/\" \/>\n<meta property=\"og:site_name\" content=\"Dipetane\" \/>\n<meta property=\"article:modified_time\" content=\"2023-12-22T16:07:07+00:00\" \/>\n<meta name=\"twitter:card\" content=\"summary_large_image\" \/>\n<meta name=\"twitter:label1\" content=\"Tiempo de lectura\" \/>\n\t<meta name=\"twitter:data1\" content=\"4 minutos\" \/>\n<script type=\"application\/ld+json\" class=\"yoast-schema-graph\">{\"@context\":\"https:\/\/schema.org\",\"@graph\":[{\"@type\":\"WebPage\",\"@id\":\"https:\/\/dipetane.com\/es\/como-funciona-dipetane\/\",\"url\":\"https:\/\/dipetane.com\/es\/como-funciona-dipetane\/\",\"name\":\"C\u00f3mo funciona Dipetane - un 10% m\u00e1s de kil\u00f3metros por dep\u00f3sito\",\"isPartOf\":{\"@id\":\"https:\/\/dipetane.com\/#website\"},\"datePublished\":\"2020-03-05T13:30:02+00:00\",\"dateModified\":\"2023-12-22T16:07:07+00:00\",\"description\":\"C\u00f3mo funciona Dipetane, la \u00fanica tecnolog\u00eda sin aditivos qu\u00edmicos que reduce las emisiones e incrementa el kilometraje por dep\u00f3sito.\",\"breadcrumb\":{\"@id\":\"https:\/\/dipetane.com\/es\/como-funciona-dipetane\/#breadcrumb\"},\"inLanguage\":\"es\",\"potentialAction\":[{\"@type\":\"ReadAction\",\"target\":[\"https:\/\/dipetane.com\/es\/como-funciona-dipetane\/\"]}]},{\"@type\":\"BreadcrumbList\",\"@id\":\"https:\/\/dipetane.com\/es\/como-funciona-dipetane\/#breadcrumb\",\"itemListElement\":[{\"@type\":\"ListItem\",\"position\":1,\"name\":\"Home\",\"item\":\"https:\/\/dipetane.com\/\"},{\"@type\":\"ListItem\",\"position\":2,\"name\":\"C\u00f3mo funciona Dipetane\"}]},{\"@type\":\"WebSite\",\"@id\":\"https:\/\/dipetane.com\/#website\",\"url\":\"https:\/\/dipetane.com\/\",\"name\":\"Dipetane\",\"description\":\"Up to 10% better fuel consumption\",\"potentialAction\":[{\"@type\":\"SearchAction\",\"target\":{\"@type\":\"EntryPoint\",\"urlTemplate\":\"https:\/\/dipetane.com\/?s={search_term_string}\"},\"query-input\":{\"@type\":\"PropertyValueSpecification\",\"valueRequired\":true,\"valueName\":\"search_term_string\"}}],\"inLanguage\":\"es\"}]}<\/script>\n<!-- \/ Yoast SEO plugin. -->","yoast_head_json":{"title":"C\u00f3mo funciona Dipetane - un 10% m\u00e1s de kil\u00f3metros por dep\u00f3sito","description":"C\u00f3mo funciona Dipetane, la \u00fanica tecnolog\u00eda sin aditivos qu\u00edmicos que reduce las emisiones e incrementa el kilometraje por dep\u00f3sito.","robots":{"index":"index","follow":"follow","max-snippet":"max-snippet:-1","max-image-preview":"max-image-preview:large","max-video-preview":"max-video-preview:-1"},"canonical":"https:\/\/dipetane.com\/es\/como-funciona-dipetane\/","og_locale":"es_ES","og_type":"article","og_title":"C\u00f3mo funciona Dipetane - un 10% m\u00e1s de kil\u00f3metros por dep\u00f3sito","og_description":"C\u00f3mo funciona Dipetane, la \u00fanica tecnolog\u00eda sin aditivos qu\u00edmicos que reduce las emisiones e incrementa el kilometraje por dep\u00f3sito.","og_url":"https:\/\/dipetane.com\/es\/como-funciona-dipetane\/","og_site_name":"Dipetane","article_modified_time":"2023-12-22T16:07:07+00:00","twitter_card":"summary_large_image","twitter_misc":{"Tiempo de lectura":"4 minutos"},"schema":{"@context":"https:\/\/schema.org","@graph":[{"@type":"WebPage","@id":"https:\/\/dipetane.com\/es\/como-funciona-dipetane\/","url":"https:\/\/dipetane.com\/es\/como-funciona-dipetane\/","name":"C\u00f3mo funciona Dipetane - un 10% m\u00e1s de kil\u00f3metros por dep\u00f3sito","isPartOf":{"@id":"https:\/\/dipetane.com\/#website"},"datePublished":"2020-03-05T13:30:02+00:00","dateModified":"2023-12-22T16:07:07+00:00","description":"C\u00f3mo funciona Dipetane, la \u00fanica tecnolog\u00eda sin aditivos qu\u00edmicos que reduce las emisiones e incrementa el kilometraje por dep\u00f3sito.","breadcrumb":{"@id":"https:\/\/dipetane.com\/es\/como-funciona-dipetane\/#breadcrumb"},"inLanguage":"es","potentialAction":[{"@type":"ReadAction","target":["https:\/\/dipetane.com\/es\/como-funciona-dipetane\/"]}]},{"@type":"BreadcrumbList","@id":"https:\/\/dipetane.com\/es\/como-funciona-dipetane\/#breadcrumb","itemListElement":[{"@type":"ListItem","position":1,"name":"Home","item":"https:\/\/dipetane.com\/"},{"@type":"ListItem","position":2,"name":"C\u00f3mo funciona Dipetane"}]},{"@type":"WebSite","@id":"https:\/\/dipetane.com\/#website","url":"https:\/\/dipetane.com\/","name":"Dipetane","description":"Up to 10% better fuel consumption","potentialAction":[{"@type":"SearchAction","target":{"@type":"EntryPoint","urlTemplate":"https:\/\/dipetane.com\/?s={search_term_string}"},"query-input":{"@type":"PropertyValueSpecification","valueRequired":true,"valueName":"search_term_string"}}],"inLanguage":"es"}]}},"_links":{"self":[{"href":"https:\/\/dipetane.com\/es\/wp-json\/wp\/v2\/pages\/986","targetHints":{"allow":["GET"]}}],"collection":[{"href":"https:\/\/dipetane.com\/es\/wp-json\/wp\/v2\/pages"}],"about":[{"href":"https:\/\/dipetane.com\/es\/wp-json\/wp\/v2\/types\/page"}],"author":[{"embeddable":true,"href":"https:\/\/dipetane.com\/es\/wp-json\/wp\/v2\/users\/1"}],"replies":[{"embeddable":true,"href":"https:\/\/dipetane.com\/es\/wp-json\/wp\/v2\/comments?post=986"}],"version-history":[{"count":1,"href":"https:\/\/dipetane.com\/es\/wp-json\/wp\/v2\/pages\/986\/revisions"}],"predecessor-version":[{"id":1556,"href":"https:\/\/dipetane.com\/es\/wp-json\/wp\/v2\/pages\/986\/revisions\/1556"}],"wp:attachment":[{"href":"https:\/\/dipetane.com\/es\/wp-json\/wp\/v2\/media?parent=986"}],"curies":[{"name":"wp","href":"https:\/\/api.w.org\/{rel}","templated":true}]}}