{"id":1173,"date":"2022-02-01T05:35:23","date_gmt":"2022-02-01T05:35:23","guid":{"rendered":"https:\/\/dipetane.com\/?page_id=1173"},"modified":"2023-12-22T16:02:37","modified_gmt":"2023-12-22T16:02:37","slug":"transporte","status":"publish","type":"page","link":"https:\/\/dipetane.com\/es\/transporte\/","title":{"rendered":"Transporte"},"content":{"rendered":"<p>[et_pb_section fb_built=\u00bb1&#8243; fullwidth=\u00bbon\u00bb admin_label=\u00bbHeader Section\u00bb _builder_version=\u00bb4.23.1&#8243; background_color=\u00bb#000000&#8243; custom_padding=\u00bb||||false|false\u00bb hover_enabled=\u00bb0&#8243; global_colors_info=\u00bb{}\u00bb sticky_enabled=\u00bb0&#8243;][et_pb_fullwidth_header title=\u00bbDipetane para la industria del transporte\u00bb subhead=\u00bbLas unidades tractoras rara vez descansan. Est\u00e1n en la carretera las veinticuatro horas del d\u00eda, los siete d\u00edas de la semana. Lo que significa que los niveles de desgaste son extremadamente altos y los costes asociados con mantenerlos en funcionamiento est\u00e1n siempre presentes.\u00bb text_orientation=\u00bbcenter\u00bb header_fullscreen=\u00bbon\u00bb header_scroll_down=\u00bbon\u00bb scroll_down_icon=\u00bb%%2%%\u00bb scroll_down_icon_color=\u00bb#ffffff\u00bb background_overlay_color=\u00bbrgba(0,0,0,0.4)\u00bb content_max_width_last_edited=\u00bboff|desktop\u00bb admin_label=\u00bbContents\u00bb _builder_version=\u00bb4.23.1&#8243; title_font=\u00bbOswald|||on|\u00bb title_text_align=\u00bbcenter\u00bb title_font_size=\u00bb80px\u00bb title_letter_spacing=\u00bb0.05em\u00bb title_line_height=\u00bb1.5em\u00bb subhead_font=\u00bbNunito|600|||||||\u00bb subhead_font_size=\u00bb20px\u00bb subhead_line_height=\u00bb1.9em\u00bb background_color=\u00bbrgba(255, 255, 255, 0)\u00bb background_image=\u00bbhttps:\/\/dipetane.com\/wp-content\/uploads\/2020\/03\/truck-fleet.jpg\u00bb parallax=\u00bbon\u00bb parallax_method=\u00bbon\u00bb custom_button_one=\u00bbon\u00bb button_one_text_size=\u00bb15px\u00bb button_one_bg_color=\u00bb#dca57d\u00bb button_one_border_width=\u00bb10px\u00bb button_one_border_color=\u00bb#dca57d\u00bb button_one_border_radius=\u00bb0px\u00bb button_one_letter_spacing=\u00bb3px\u00bb button_one_font=\u00bbOswald|||on|\u00bb button_one_use_icon=\u00bboff\u00bb animation_style=\u00bbfade\u00bb animation_starting_opacity=\u00bb50%\u00bb animation_speed_curve=\u00bbease-in\u00bb hover_enabled=\u00bb0&#8243; title_font_size_tablet=\u00bb60px\u00bb title_font_size_phone=\u00bb40px\u00bb title_font_size_last_edited=\u00bbon|tablet\u00bb button_one_border_color_hover=\u00bb#c99872&#8243; button_one_border_radius_hover=\u00bb0px\u00bb button_one_letter_spacing_hover=\u00bb3px\u00bb button_one_bg_color_hover=\u00bb#c99872&#8243; global_colors_info=\u00bb{}\u00bb button_one_text_size__hover_enabled=\u00bboff\u00bb button_two_text_size__hover_enabled=\u00bboff\u00bb button_one_text_color__hover_enabled=\u00bboff\u00bb button_two_text_color__hover_enabled=\u00bboff\u00bb button_one_border_width__hover_enabled=\u00bboff\u00bb button_two_border_width__hover_enabled=\u00bboff\u00bb button_one_border_color__hover_enabled=\u00bbon\u00bb button_one_border_color__hover=\u00bb#c99872&#8243; button_two_border_color__hover_enabled=\u00bboff\u00bb button_one_border_radius__hover_enabled=\u00bbon\u00bb button_one_border_radius__hover=\u00bb0px\u00bb button_two_border_radius__hover_enabled=\u00bboff\u00bb button_one_letter_spacing__hover_enabled=\u00bbon\u00bb button_one_letter_spacing__hover=\u00bb3px\u00bb button_two_letter_spacing__hover_enabled=\u00bboff\u00bb button_one_bg_color__hover_enabled=\u00bbon\u00bb button_one_bg_color__hover=\u00bb#c99872&#8243; button_two_bg_color__hover_enabled=\u00bboff\u00bb sticky_enabled=\u00bb0&#8243; custom_padding=\u00bb||40px||false|false\u00bb][\/et_pb_fullwidth_header][\/et_pb_section][et_pb_section fb_built=\u00bb1&#8243; admin_label=\u00bbVideo Title Section\u00bb _builder_version=\u00bb4.16&#8243; background_color=\u00bb#ffffff\u00bb use_background_color_gradient=\u00bbon\u00bb background_color_gradient_stops=\u00bb#ffff 78%|rgba(0,0,0,0.27) 100%\u00bb background_color_gradient_start=\u00bb#ffff\u00bb background_color_gradient_start_position=\u00bb78%\u00bb background_color_gradient_end=\u00bbrgba(0,0,0,0.27)\u00bb custom_padding=\u00bb120px|0px|60px|0px\u00bb saved_tabs=\u00bball\u00bb global_colors_info=\u00bb{}\u00bb][et_pb_row admin_label=\u00bbVideo Row\u00bb _builder_version=\u00bb4.16&#8243; custom_padding=\u00bb|||\u00bb global_colors_info=\u00bb{}\u00bb][et_pb_column type=\u00bb4_4&#8243; _builder_version=\u00bb4.16&#8243; custom_padding=\u00bb|||\u00bb global_colors_info=\u00bb{}\u00bb custom_padding__hover=\u00bb|||\u00bb][et_pb_text admin_label=\u00bbTittle\u00bb _builder_version=\u00bb4.16&#8243; text_text_color=\u00bb#034d95&#8243; header_text_color=\u00bb#034d95&#8243; header_2_font=\u00bbOswald|||on|||||\u00bb header_2_text_align=\u00bbcenter\u00bb header_2_text_color=\u00bb#034d95&#8243; header_2_font_size=\u00bb40px\u00bb header_2_letter_spacing=\u00bb2px\u00bb header_2_line_height=\u00bb1.5em\u00bb background_layout=\u00bbdark\u00bb max_width=\u00bb600px\u00bb module_alignment=\u00bbcenter\u00bb global_colors_info=\u00bb{}\u00bb]<\/p>\n<h2><span class=\"s1\">combusti\u00f3n completa<\/span><\/h2>\n<p>[\/et_pb_text][et_pb_text disabled_on=\u00bboff|off|off\u00bb admin_label=\u00bbtexts\u00bb _builder_version=\u00bb4.16&#8243; text_font=\u00bbNunito||||||||\u00bb text_text_color=\u00bb#034d95&#8243; text_font_size=\u00bb18px\u00bb text_line_height=\u00bb1.8em\u00bb header_font=\u00bbOswald||||\u00bb header_font_size=\u00bb16px\u00bb header_letter_spacing=\u00bb2px\u00bb header_line_height=\u00bb1.7em\u00bb text_orientation=\u00bbcenter\u00bb max_width=\u00bb600px\u00bb max_width_tablet=\u00bb\u00bb max_width_phone=\u00bb\u00bb max_width_last_edited=\u00bbon|phone\u00bb module_alignment=\u00bbcenter\u00bb custom_margin=\u00bb-30px|||\u00bb global_colors_info=\u00bb{}\u00bb]<\/p>\n<p class=\"p1\"><span>Hay algo que puedes hacer para asegurarte de que tu cami\u00f3n se mantenga en buen estado. Dipetane, es el \u00fanico producto que mejora los combustibles sin aditivos. Simplemente a\u00f1\u00e1delo al dep\u00f3sito de combustible y se pone a trabajar de inmediato.<\/span><\/p>\n<p>[\/et_pb_text][\/et_pb_column][\/et_pb_row][\/et_pb_section][et_pb_section fb_built=\u00bb1&#8243; admin_label=\u00bbVideo Section\u00bb _builder_version=\u00bb4.16&#8243; background_color=\u00bb#ffffff\u00bb custom_padding=\u00bb0px|0px|0px|0px\u00bb saved_tabs=\u00bball\u00bb global_colors_info=\u00bb{}\u00bb][et_pb_row _builder_version=\u00bb4.16&#8243; _module_preset=\u00bbdefault\u00bb global_colors_info=\u00bb{}\u00bb][et_pb_column type=\u00bb4_4&#8243; _builder_version=\u00bb4.16&#8243; _module_preset=\u00bbdefault\u00bb global_colors_info=\u00bb{}\u00bb][et_pb_video src=\u00bbhttps:\/\/dipetane.com\/wp-content\/uploads\/2020\/10\/Dipetane-Truck-MotorFactors.mp4&#8243; _builder_version=\u00bb4.16&#8243; _module_preset=\u00bbdefault\u00bb global_colors_info=\u00bb{}\u00bb][\/et_pb_video][\/et_pb_column][\/et_pb_row][\/et_pb_section][et_pb_section fb_built=\u00bb1&#8243; admin_label=\u00bbBest Beans\u00bb _builder_version=\u00bb4.16&#8243; background_color_gradient_direction=\u00bb90deg\u00bb custom_padding=\u00bb0px|0px|0px|0px\u00bb saved_tabs=\u00bball\u00bb global_colors_info=\u00bb{}\u00bb][et_pb_row column_structure=\u00bb1_2,1_2&#8243; use_custom_gutter=\u00bbon\u00bb gutter_width=\u00bb1&#8243; make_equal=\u00bbon\u00bb admin_label=\u00bbBest Beans Row\u00bb module_class=\u00bb et_pb_row_fullwidth\u00bb _builder_version=\u00bb4.16&#8243; width=\u00bb100%\u00bb width_tablet=\u00bb100%\u00bb width_phone=\u00bb\u00bb width_last_edited=\u00bbon|desktop\u00bb max_width=\u00bb100%\u00bb max_width_tablet=\u00bb100%\u00bb max_width_phone=\u00bb\u00bb max_width_last_edited=\u00bbon|desktop\u00bb custom_margin=\u00bb|||\u00bb custom_padding=\u00bb0px|0px|0px|0px\u00bb make_fullwidth=\u00bbon\u00bb global_colors_info=\u00bb{}\u00bb][et_pb_column type=\u00bb1_2&#8243; _builder_version=\u00bb4.16&#8243; custom_padding=\u00bb150px|10%|150px|10%|false|false\u00bb custom_padding_tablet=\u00bb\u00bb custom_padding_phone=\u00bb100px||100px||false|false\u00bb custom_padding_last_edited=\u00bbon|phone\u00bb global_colors_info=\u00bb{}\u00bb custom_padding__hover=\u00bb|||\u00bb][et_pb_text admin_label=\u00bbTittle\u00bb _builder_version=\u00bb4.16&#8243; text_font=\u00bbNunito||||||||\u00bb text_font_size=\u00bb18px\u00bb text_line_height=\u00bb1.8em\u00bb header_text_align=\u00bbcenter\u00bb header_3_font=\u00bbOswald|||on|||||\u00bb header_3_font_size=\u00bb42px\u00bb header_3_letter_spacing=\u00bb2px\u00bb header_3_line_height=\u00bb1.5em\u00bb max_width=\u00bb600px\u00bb max_width_tablet=\u00bb\u00bb max_width_phone=\u00bb\u00bb max_width_last_edited=\u00bbon|phone\u00bb module_alignment=\u00bbleft\u00bb custom_margin=\u00bb|||\u00bb locked=\u00bboff\u00bb global_colors_info=\u00bb{}\u00bb]Una vez agregado, Dipetane trabajar\u00e1 para limpiar el motor de tu veh\u00edculo, adem\u00e1s de reducir las emisiones y mejorar la econom\u00eda de combustible, tres factores muy importantes cuando se opera en el negocio del transporte.<\/p>\n<p>La ventaja de Dipetane para aumentar la econom\u00eda de combustible se encuentra su capacidad para crear una combusti\u00f3n m\u00e1s eficiente y completa: simplemente obtendr\u00e1s m\u00e1s rendimiento del combustible que has pagado.[\/et_pb_text][\/et_pb_column][et_pb_column type=\u00bb1_2&#8243; _builder_version=\u00bb4.16&#8243; background_image=\u00bbhttps:\/\/dipetane.com\/wp-content\/uploads\/2020\/03\/5-Four-hole-injector-combustion-diesel-engine-11.png\u00bb background_position=\u00bbtop_right\u00bb custom_padding=\u00bb|||\u00bb global_colors_info=\u00bb{}\u00bb custom_padding__hover=\u00bb|||\u00bb][\/et_pb_column][\/et_pb_row][\/et_pb_section][et_pb_section fb_built=\u00bb1&#8243; admin_label=\u00bbBest Beans\u00bb _builder_version=\u00bb4.16&#8243; background_color_gradient_direction=\u00bb90deg\u00bb custom_padding=\u00bb0px|0px|0px|0px\u00bb saved_tabs=\u00bball\u00bb global_colors_info=\u00bb{}\u00bb][et_pb_row column_structure=\u00bb1_2,1_2&#8243; use_custom_gutter=\u00bbon\u00bb gutter_width=\u00bb1&#8243; make_equal=\u00bbon\u00bb admin_label=\u00bbBest Beans Row\u00bb module_class=\u00bb et_pb_row_fullwidth\u00bb _builder_version=\u00bb4.16&#8243; width=\u00bb100%\u00bb width_tablet=\u00bb100%\u00bb width_phone=\u00bb\u00bb width_last_edited=\u00bbon|desktop\u00bb max_width=\u00bb100%\u00bb max_width_tablet=\u00bb100%\u00bb max_width_phone=\u00bb\u00bb max_width_last_edited=\u00bbon|desktop\u00bb custom_margin=\u00bb|||\u00bb custom_padding=\u00bb0px|0px|0px|0px\u00bb make_fullwidth=\u00bbon\u00bb global_colors_info=\u00bb{}\u00bb][et_pb_column type=\u00bb1_2&#8243; _builder_version=\u00bb4.16&#8243; background_image=\u00bbhttps:\/\/dipetane.com\/wp-content\/uploads\/2020\/03\/step-3.jpg\u00bb custom_padding=\u00bb|||\u00bb global_colors_info=\u00bb{}\u00bb custom_padding__hover=\u00bb|||\u00bb][\/et_pb_column][et_pb_column type=\u00bb1_2&#8243; _builder_version=\u00bb4.16&#8243; custom_padding=\u00bb150px|10%|150px|10%|false|false\u00bb custom_padding_tablet=\u00bb\u00bb custom_padding_phone=\u00bb100px||100px||false|false\u00bb custom_padding_last_edited=\u00bbon|phone\u00bb global_colors_info=\u00bb{}\u00bb custom_padding__hover=\u00bb|||\u00bb][et_pb_text admin_label=\u00bbTittle\u00bb _builder_version=\u00bb4.16&#8243; text_font=\u00bbNunito||||||||\u00bb text_font_size=\u00bb18px\u00bb text_line_height=\u00bb1.8em\u00bb header_text_align=\u00bbcenter\u00bb header_3_font=\u00bbOswald|||on|||||\u00bb header_3_font_size=\u00bb42px\u00bb header_3_letter_spacing=\u00bb2px\u00bb header_3_line_height=\u00bb1.5em\u00bb max_width=\u00bb600px\u00bb max_width_tablet=\u00bb\u00bb max_width_phone=\u00bb\u00bb max_width_last_edited=\u00bbon|phone\u00bb module_alignment=\u00bbleft\u00bb custom_margin=\u00bb|||\u00bb locked=\u00bboff\u00bb global_colors_info=\u00bb{}\u00bb]La combusti\u00f3n m\u00e1s eficiente y completa de Dipetane es posible gracias a las alteraciones \u00fanicas en la estructura de la cadena de carbono. Los aditivos de combustible normales no pueden hacer esto, ya que funcionan en base a la poscombusti\u00f3n y esto es lo que hace que Dipetane sea \u00fanico.<\/p>\n<p>La combusti\u00f3n mejorada posible gracias a Dipetane da como resultado menos carbono obstruyendo el motor. Y menos carbono significa un mantenimiento reducido de recambios como inyectores, DPF y v\u00e1lvulas EGR. Lo que permite importantes ahorros cuando hablamos de una gran flota de veh\u00edculos de transporte.[\/et_pb_text][\/et_pb_column][\/et_pb_row][\/et_pb_section][et_pb_section fb_built=\u00bb1&#8243; admin_label=\u00bbGreat Coffee\u00bb _builder_version=\u00bb4.16&#8243; background_color=\u00bbrgba(255,255,255,0.82)\u00bb background_image=\u00bbhttps:\/\/dipetane.com\/wp-content\/uploads\/2020\/03\/fleet-of-lorrys.jpg\u00bb background_blend=\u00bboverlay\u00bb custom_margin=\u00bb|||\u00bb custom_padding=\u00bb10%|0px|10%|0px\u00bb global_colors_info=\u00bb{}\u00bb][et_pb_row column_structure=\u00bb1_2,1_2&#8243; module_class=\u00bb et_pb_row_fullwidth\u00bb _builder_version=\u00bb4.16&#8243; width=\u00bb89%\u00bb width_tablet=\u00bb80%\u00bb width_phone=\u00bb\u00bb width_last_edited=\u00bbon|desktop\u00bb max_width=\u00bb89%\u00bb max_width_tablet=\u00bb80%\u00bb max_width_phone=\u00bb\u00bb max_width_last_edited=\u00bbon|desktop\u00bb custom_padding=\u00bb|||\u00bb make_fullwidth=\u00bbon\u00bb global_colors_info=\u00bb{}\u00bb][et_pb_column type=\u00bb1_2&#8243; _builder_version=\u00bb4.16&#8243; custom_padding=\u00bb|||\u00bb global_colors_info=\u00bb{}\u00bb custom_padding__hover=\u00bb|||\u00bb][\/et_pb_column][et_pb_column type=\u00bb1_2&#8243; _builder_version=\u00bb4.16&#8243; custom_padding=\u00bb|||\u00bb global_colors_info=\u00bb{}\u00bb custom_padding__hover=\u00bb|||\u00bb][et_pb_text admin_label=\u00bbTittle\u00bb _builder_version=\u00bb4.16&#8243; text_font=\u00bbNunito||||||||\u00bb text_font_size=\u00bb18px\u00bb text_line_height=\u00bb1.8em\u00bb header_text_align=\u00bbcenter\u00bb header_3_font=\u00bbOswald|||on|||||\u00bb header_3_font_size=\u00bb42px\u00bb header_3_letter_spacing=\u00bb2px\u00bb header_3_line_height=\u00bb1.5em\u00bb max_width=\u00bb600px\u00bb max_width_tablet=\u00bb\u00bb max_width_phone=\u00bb\u00bb max_width_last_edited=\u00bbon|phone\u00bb module_alignment=\u00bbleft\u00bb custom_margin=\u00bb|||\u00bb locked=\u00bboff\u00bb global_colors_info=\u00bb{}\u00bb]<\/p>\n<h3>Marca la diferencia<\/h3>\n<p class=\"p1\"><span class=\"s1\">As\u00ed que no pierdas el tiempo y trata tu flota de transporte con la tecnolog\u00eda Dipetane desde hoy mismo. Solicita Dipetane a tu proveedor local.<\/span><\/p>\n<p>[\/et_pb_text][et_pb_button button_url=\u00bb@ET-DC@eyJkeW5hbWljIjp0cnVlLCJjb250ZW50IjoicG9zdF9saW5rX3VybF9wYWdlIiwic2V0dGluZ3MiOnsicG9zdF9pZCI6IjYzIn19@\u00bb button_text=\u00bbD\u00f3nde comprar Dipetane\u00bb button_alignment=\u00bbleft\u00bb _builder_version=\u00bb4.16&#8243; _dynamic_attributes=\u00bbbutton_url\u00bb custom_button=\u00bbon\u00bb button_text_size=\u00bb15px\u00bb button_text_color=\u00bb#ffffff\u00bb button_bg_color=\u00bb#034d95&#8243; button_border_width=\u00bb0px\u00bb button_border_color=\u00bbrgba(0,0,0,0)\u00bb button_border_radius=\u00bb0px\u00bb button_letter_spacing=\u00bb3px\u00bb button_font=\u00bbOswald|||on|\u00bb button_use_icon=\u00bboff\u00bb custom_margin=\u00bb20px|||\u00bb custom_padding=\u00bb20px||20px||true|true\u00bb button_border_color_hover=\u00bb#c99872&#8243; button_border_radius_hover=\u00bb0px\u00bb button_letter_spacing_hover=\u00bb3px\u00bb button_bg_color_hover=\u00bb#c99872&#8243; locked=\u00bboff\u00bb global_colors_info=\u00bb{}\u00bb button_text_size__hover_enabled=\u00bboff\u00bb button_one_text_size__hover_enabled=\u00bboff\u00bb button_two_text_size__hover_enabled=\u00bboff\u00bb button_text_color__hover_enabled=\u00bboff\u00bb button_one_text_color__hover_enabled=\u00bboff\u00bb button_two_text_color__hover_enabled=\u00bboff\u00bb button_border_width__hover_enabled=\u00bboff\u00bb button_one_border_width__hover_enabled=\u00bboff\u00bb button_two_border_width__hover_enabled=\u00bboff\u00bb button_border_color__hover_enabled=\u00bbon\u00bb button_border_color__hover=\u00bb#c99872&#8243; button_one_border_color__hover_enabled=\u00bboff\u00bb button_two_border_color__hover_enabled=\u00bboff\u00bb button_border_radius__hover_enabled=\u00bbon\u00bb button_border_radius__hover=\u00bb0px\u00bb button_one_border_radius__hover_enabled=\u00bboff\u00bb button_two_border_radius__hover_enabled=\u00bboff\u00bb button_letter_spacing__hover_enabled=\u00bbon\u00bb button_letter_spacing__hover=\u00bb3px\u00bb button_one_letter_spacing__hover_enabled=\u00bboff\u00bb button_two_letter_spacing__hover_enabled=\u00bboff\u00bb button_bg_color__hover_enabled=\u00bbon\u00bb button_bg_color__hover=\u00bb#c99872&#8243; button_one_bg_color__hover_enabled=\u00bboff\u00bb button_two_bg_color__hover_enabled=\u00bboff\u00bb][\/et_pb_button][\/et_pb_column][\/et_pb_row][\/et_pb_section]<\/p>\n","protected":false},"excerpt":{"rendered":"<p>combusti\u00f3n completaHay algo que puedes hacer para asegurarte de que tu cami\u00f3n se mantenga en buen estado. Dipetane, es el \u00fanico producto que mejora los combustibles sin aditivos. Simplemente a\u00f1\u00e1delo al dep\u00f3sito de combustible y se pone a trabajar de inmediato.Una vez agregado, Dipetane trabajar\u00e1 para limpiar el motor de tu veh\u00edculo, adem\u00e1s de reducir [&hellip;]<\/p>\n","protected":false},"author":1,"featured_media":0,"parent":0,"menu_order":0,"comment_status":"closed","ping_status":"closed","template":"","meta":{"_et_pb_use_builder":"on","_et_pb_old_content":"","_et_gb_content_width":"","footnotes":""},"class_list":["post-1173","page","type-page","status-publish","hentry"],"yoast_head":"<!-- This site is optimized with the Yoast SEO plugin v27.2 - https:\/\/yoast.com\/product\/yoast-seo-wordpress\/ -->\n<title>Transporte - Dipetane<\/title>\n<meta name=\"robots\" content=\"index, follow, max-snippet:-1, max-image-preview:large, max-video-preview:-1\" \/>\n<link rel=\"canonical\" href=\"https:\/\/dipetane.com\/es\/transporte\/\" \/>\n<meta property=\"og:locale\" content=\"es_ES\" \/>\n<meta property=\"og:type\" content=\"article\" \/>\n<meta property=\"og:title\" content=\"Transporte - Dipetane\" \/>\n<meta property=\"og:description\" content=\"combusti\u00f3n completaHay algo que puedes hacer para asegurarte de que tu cami\u00f3n se mantenga en buen estado. Dipetane, es el \u00fanico producto que mejora los combustibles sin aditivos. Simplemente a\u00f1\u00e1delo al dep\u00f3sito de combustible y se pone a trabajar de inmediato.Una vez agregado, Dipetane trabajar\u00e1 para limpiar el motor de tu veh\u00edculo, adem\u00e1s de reducir [&hellip;]\" \/>\n<meta property=\"og:url\" content=\"https:\/\/dipetane.com\/es\/transporte\/\" \/>\n<meta property=\"og:site_name\" content=\"Dipetane\" \/>\n<meta property=\"article:modified_time\" content=\"2023-12-22T16:02:37+00:00\" \/>\n<meta name=\"twitter:card\" content=\"summary_large_image\" \/>\n<meta name=\"twitter:label1\" content=\"Tiempo de lectura\" \/>\n\t<meta name=\"twitter:data1\" content=\"3 minutos\" \/>\n<script type=\"application\/ld+json\" class=\"yoast-schema-graph\">{\"@context\":\"https:\/\/schema.org\",\"@graph\":[{\"@type\":\"WebPage\",\"@id\":\"https:\/\/dipetane.com\/es\/transporte\/\",\"url\":\"https:\/\/dipetane.com\/es\/transporte\/\",\"name\":\"Transporte - Dipetane\",\"isPartOf\":{\"@id\":\"https:\/\/dipetane.com\/#website\"},\"datePublished\":\"2022-02-01T05:35:23+00:00\",\"dateModified\":\"2023-12-22T16:02:37+00:00\",\"breadcrumb\":{\"@id\":\"https:\/\/dipetane.com\/es\/transporte\/#breadcrumb\"},\"inLanguage\":\"es\",\"potentialAction\":[{\"@type\":\"ReadAction\",\"target\":[\"https:\/\/dipetane.com\/es\/transporte\/\"]}]},{\"@type\":\"BreadcrumbList\",\"@id\":\"https:\/\/dipetane.com\/es\/transporte\/#breadcrumb\",\"itemListElement\":[{\"@type\":\"ListItem\",\"position\":1,\"name\":\"Home\",\"item\":\"https:\/\/dipetane.com\/\"},{\"@type\":\"ListItem\",\"position\":2,\"name\":\"Transporte\"}]},{\"@type\":\"WebSite\",\"@id\":\"https:\/\/dipetane.com\/#website\",\"url\":\"https:\/\/dipetane.com\/\",\"name\":\"Dipetane\",\"description\":\"Up to 10% better fuel consumption\",\"potentialAction\":[{\"@type\":\"SearchAction\",\"target\":{\"@type\":\"EntryPoint\",\"urlTemplate\":\"https:\/\/dipetane.com\/?s={search_term_string}\"},\"query-input\":{\"@type\":\"PropertyValueSpecification\",\"valueRequired\":true,\"valueName\":\"search_term_string\"}}],\"inLanguage\":\"es\"}]}<\/script>\n<!-- \/ Yoast SEO plugin. -->","yoast_head_json":{"title":"Transporte - Dipetane","robots":{"index":"index","follow":"follow","max-snippet":"max-snippet:-1","max-image-preview":"max-image-preview:large","max-video-preview":"max-video-preview:-1"},"canonical":"https:\/\/dipetane.com\/es\/transporte\/","og_locale":"es_ES","og_type":"article","og_title":"Transporte - Dipetane","og_description":"combusti\u00f3n completaHay algo que puedes hacer para asegurarte de que tu cami\u00f3n se mantenga en buen estado. Dipetane, es el \u00fanico producto que mejora los combustibles sin aditivos. Simplemente a\u00f1\u00e1delo al dep\u00f3sito de combustible y se pone a trabajar de inmediato.Una vez agregado, Dipetane trabajar\u00e1 para limpiar el motor de tu veh\u00edculo, adem\u00e1s de reducir [&hellip;]","og_url":"https:\/\/dipetane.com\/es\/transporte\/","og_site_name":"Dipetane","article_modified_time":"2023-12-22T16:02:37+00:00","twitter_card":"summary_large_image","twitter_misc":{"Tiempo de lectura":"3 minutos"},"schema":{"@context":"https:\/\/schema.org","@graph":[{"@type":"WebPage","@id":"https:\/\/dipetane.com\/es\/transporte\/","url":"https:\/\/dipetane.com\/es\/transporte\/","name":"Transporte - Dipetane","isPartOf":{"@id":"https:\/\/dipetane.com\/#website"},"datePublished":"2022-02-01T05:35:23+00:00","dateModified":"2023-12-22T16:02:37+00:00","breadcrumb":{"@id":"https:\/\/dipetane.com\/es\/transporte\/#breadcrumb"},"inLanguage":"es","potentialAction":[{"@type":"ReadAction","target":["https:\/\/dipetane.com\/es\/transporte\/"]}]},{"@type":"BreadcrumbList","@id":"https:\/\/dipetane.com\/es\/transporte\/#breadcrumb","itemListElement":[{"@type":"ListItem","position":1,"name":"Home","item":"https:\/\/dipetane.com\/"},{"@type":"ListItem","position":2,"name":"Transporte"}]},{"@type":"WebSite","@id":"https:\/\/dipetane.com\/#website","url":"https:\/\/dipetane.com\/","name":"Dipetane","description":"Up to 10% better fuel consumption","potentialAction":[{"@type":"SearchAction","target":{"@type":"EntryPoint","urlTemplate":"https:\/\/dipetane.com\/?s={search_term_string}"},"query-input":{"@type":"PropertyValueSpecification","valueRequired":true,"valueName":"search_term_string"}}],"inLanguage":"es"}]}},"_links":{"self":[{"href":"https:\/\/dipetane.com\/es\/wp-json\/wp\/v2\/pages\/1173","targetHints":{"allow":["GET"]}}],"collection":[{"href":"https:\/\/dipetane.com\/es\/wp-json\/wp\/v2\/pages"}],"about":[{"href":"https:\/\/dipetane.com\/es\/wp-json\/wp\/v2\/types\/page"}],"author":[{"embeddable":true,"href":"https:\/\/dipetane.com\/es\/wp-json\/wp\/v2\/users\/1"}],"replies":[{"embeddable":true,"href":"https:\/\/dipetane.com\/es\/wp-json\/wp\/v2\/comments?post=1173"}],"version-history":[{"count":2,"href":"https:\/\/dipetane.com\/es\/wp-json\/wp\/v2\/pages\/1173\/revisions"}],"predecessor-version":[{"id":1554,"href":"https:\/\/dipetane.com\/es\/wp-json\/wp\/v2\/pages\/1173\/revisions\/1554"}],"wp:attachment":[{"href":"https:\/\/dipetane.com\/es\/wp-json\/wp\/v2\/media?parent=1173"}],"curies":[{"name":"wp","href":"https:\/\/api.w.org\/{rel}","templated":true}]}}