{"id":1091,"date":"2022-01-20T11:44:24","date_gmt":"2022-01-20T11:44:24","guid":{"rendered":"https:\/\/dipetane.com\/contactanos\/"},"modified":"2022-01-20T11:44:25","modified_gmt":"2022-01-20T11:44:25","slug":"contactanos","status":"publish","type":"page","link":"https:\/\/dipetane.com\/es\/contactanos\/","title":{"rendered":"Cont\u00e1ctanos"},"content":{"rendered":"<p>[et_pb_section fb_built=\u00bb1&#8243; fullwidth=\u00bbon\u00bb next_background_color=\u00bb#ffffff\u00bb admin_label=\u00bbHeader Section\u00bb _builder_version=\u00bb4.4.0&#8243; background_color=\u00bb#000000&#8243; custom_padding=\u00bb|||\u00bb bottom_divider_style=\u00bbwaves2&#8243; locked=\u00bboff\u00bb][et_pb_fullwidth_header title=\u00bbCont\u00e1ctanos\u00bb subhead=\u00bbEstaremos encantados de atenderte, ponte en contacto con nosotros\u00bb text_orientation=\u00bbcenter\u00bb background_overlay_color=\u00bbrgba(0,0,0,0.4)\u00bb content_max_width_last_edited=\u00bboff|desktop\u00bb admin_label=\u00bbContents\u00bb _builder_version=\u00bb4.3.4&#8243; title_font=\u00bbOswald|||on|\u00bb title_text_align=\u00bbcenter\u00bb title_font_size=\u00bb80px\u00bb title_letter_spacing=\u00bb0.05em\u00bb title_line_height=\u00bb1.5em\u00bb subhead_font=\u00bbNunito|600|||||||\u00bb subhead_font_size=\u00bb20px\u00bb subhead_line_height=\u00bb1.9em\u00bb background_color=\u00bbrgba(255,255,255,0)\u00bb background_image=\u00bbhttps:\/\/dipetane.com\/wp-content\/uploads\/2020\/03\/lucas-van-oort-RdLdIzuc4xM-unsplash-856&#215;1024.jpg\u00bb parallax=\u00bbon\u00bb parallax_method=\u00bbon\u00bb custom_button_one=\u00bbon\u00bb button_one_text_size=\u00bb15px\u00bb button_one_bg_color=\u00bb#dca57d\u00bb button_one_border_width=\u00bb10px\u00bb button_one_border_color=\u00bb#dca57d\u00bb button_one_border_radius=\u00bb0px\u00bb button_one_letter_spacing=\u00bb3px\u00bb button_one_font=\u00bbOswald|||on|\u00bb button_one_use_icon=\u00bboff\u00bb custom_margin=\u00bb|||\u00bb custom_padding=\u00bb5%||5%|\u00bb animation_style=\u00bbfade\u00bb animation_starting_opacity=\u00bb50%\u00bb animation_speed_curve=\u00bbease-in\u00bb title_font_size_tablet=\u00bb60px\u00bb title_font_size_phone=\u00bb40px\u00bb title_font_size_last_edited=\u00bbon|phone\u00bb button_one_border_color_hover=\u00bb#c99872&#8243; button_one_border_radius_hover=\u00bb0px\u00bb button_one_letter_spacing_hover=\u00bb3px\u00bb button_one_bg_color_hover=\u00bb#c99872&#8243; button_one_text_size__hover_enabled=\u00bboff\u00bb button_two_text_size__hover_enabled=\u00bboff\u00bb button_one_text_color__hover_enabled=\u00bboff\u00bb button_two_text_color__hover_enabled=\u00bboff\u00bb button_one_border_width__hover_enabled=\u00bboff\u00bb button_two_border_width__hover_enabled=\u00bboff\u00bb button_one_border_color__hover_enabled=\u00bbon\u00bb button_one_border_color__hover=\u00bb#c99872&#8243; button_two_border_color__hover_enabled=\u00bboff\u00bb button_one_border_radius__hover_enabled=\u00bbon\u00bb button_one_border_radius__hover=\u00bb0px\u00bb button_two_border_radius__hover_enabled=\u00bboff\u00bb button_one_letter_spacing__hover_enabled=\u00bbon\u00bb button_one_letter_spacing__hover=\u00bb3px\u00bb button_two_letter_spacing__hover_enabled=\u00bboff\u00bb button_one_bg_color__hover_enabled=\u00bbon\u00bb button_one_bg_color__hover=\u00bb#c99872&#8243; button_two_bg_color__hover_enabled=\u00bboff\u00bb][\/et_pb_fullwidth_header][\/et_pb_section][et_pb_section fb_built=\u00bb1&#8243; admin_label=\u00bbBest Beans\u00bb _builder_version=\u00bb3.22&#8243; background_color_gradient_direction=\u00bb90deg\u00bb custom_padding=\u00bb0px|0px|0px|0px\u00bb locked=\u00bboff\u00bb][et_pb_row column_structure=\u00bb1_2,1_2&#8243; use_custom_gutter=\u00bbon\u00bb gutter_width=\u00bb1&#8243; make_equal=\u00bbon\u00bb admin_label=\u00bbBest Beans Row\u00bb module_class=\u00bb et_pb_row_fullwidth\u00bb _builder_version=\u00bb4.4.0&#8243; width=\u00bb100%\u00bb width_tablet=\u00bb100%\u00bb width_phone=\u00bb\u00bb width_last_edited=\u00bbon|desktop\u00bb max_width=\u00bb100%\u00bb max_width_tablet=\u00bb100%\u00bb max_width_phone=\u00bb\u00bb max_width_last_edited=\u00bbon|desktop\u00bb custom_margin=\u00bb|||\u00bb custom_padding=\u00bb3%|0px|0px|0px|false|false\u00bb make_fullwidth=\u00bbon\u00bb][et_pb_column type=\u00bb1_2&#8243; _builder_version=\u00bb3.25&#8243; custom_padding=\u00bb80px|5%|80px|5%\u00bb custom_padding__hover=\u00bb|||\u00bb][et_pb_text admin_label=\u00bbTittle\u00bb _builder_version=\u00bb4.3.4&#8243; text_font=\u00bbNunito||||||||\u00bb text_font_size=\u00bb18px\u00bb text_line_height=\u00bb1.8em\u00bb header_font=\u00bb||||||||\u00bb header_text_align=\u00bbcenter\u00bb header_3_font=\u00bbOswald|||on|||||\u00bb header_3_text_color=\u00bb#034d95&#8243; header_3_font_size=\u00bb42px\u00bb header_3_letter_spacing=\u00bb2px\u00bb header_3_line_height=\u00bb1.5em\u00bb max_width=\u00bb600px\u00bb max_width_tablet=\u00bb\u00bb max_width_phone=\u00bb\u00bb max_width_last_edited=\u00bbon|phone\u00bb module_alignment=\u00bbleft\u00bb custom_margin=\u00bb|||\u00bb locked=\u00bboff\u00bb]<\/p>\n<h3>Env\u00edanos un email<\/h3>\n<p>[\/et_pb_text][et_pb_text _builder_version=\u00bb4.4.1&#8243; text_font_size=\u00bb17px\u00bb text_line_height=\u00bb1.8em\u00bb hover_enabled=\u00bb0&#8243; custom_margin=\u00bb||||false|false\u00bb custom_padding=\u00bb||24px||false|false\u00bb header_4_text_color=\u00bb#6cb644&#8243;]<\/p>\n<h4>Estaremos encantados de atenderte, ponte en contacto con nosotros.<\/h4>\n<p>Tel\u00e9fono: +34 918 588 068<br \/>\nEmail: <a href=\"mailto:info@dipetane.ie?subject=Contact%20from%20the%20website\">info@kuatrogroup.com<\/a><\/p>\n<p>Dipetane Espa\u00f1a &#8211; Kuatro Group Outsourcing<br \/>\nCalle Pollensa 3<br \/>\nLas Rozas de Madrid<br \/>\nMadrid<br \/>\nEspa\u00f1a<\/p>\n<p>[\/et_pb_text][\/et_pb_column][et_pb_column type=\u00bb1_2&#8243; _builder_version=\u00bb4.4.0&#8243; background_color=\u00bbrgba(255,255,255,0.9)\u00bb background_image=\u00bbhttps:\/\/dipetane.com\/wp-content\/uploads\/2020\/03\/engine-bay.jpg\u00bb background_repeat=\u00bbrepeat\u00bb background_blend=\u00bbsaturation\u00bb custom_padding=\u00bb5%|5%|80px|5%|false|false\u00bb custom_padding__hover=\u00bb|||\u00bb][et_pb_blurb title=\u00bbC\u00f3mo llegar desde Madrid\u00bb content_max_width=\u00bb100%\u00bb _builder_version=\u00bb4.4.1&#8243; header_level=\u00bbh2&#8243; header_font=\u00bbOswald|||on|||||\u00bb header_text_align=\u00bbcenter\u00bb header_font_size=\u00bb40px\u00bb header_line_height=\u00bb1.8em\u00bb body_font=\u00bbNunito||||||||\u00bb body_text_align=\u00bbcenter\u00bb body_font_size=\u00bb18px\u00bb body_line_height=\u00bb1.8em\u00bb text_orientation=\u00bbcenter\u00bb hover_enabled=\u00bb0&#8243; header_text_color=\u00bb#034d95&#8243;]Toma la A-6 direcci\u00f3n A Coru\u00f1a.<br \/>\nToma la salida 24 hacia Estaci\u00f3n f.f.c.c Las Matas Incorp\u00f3rate a V\u00eda de Servicio A-6<br \/>\nEn la rotonda, toma la tercera salida en direcci\u00f3n A-6\/Madrid<br \/>\nGira ligeramente a la izquierda hacia V\u00eda de Servicio A-6 Gira a la derecha hacia Calle Pollensa<br \/>\nLa salida est\u00e1 a la altura de Movilnorte (concesionario BMW)<br \/>\nEl edificio se encuentra en el lado izquierdo<br \/>\nDipetane se encuentra en la oficina B-4[\/et_pb_blurb][\/et_pb_column][\/et_pb_row][\/et_pb_section][et_pb_section fb_built=\u00bb1&#8243; fullwidth=\u00bbon\u00bb admin_label=\u00bbMap Section\u00bb _builder_version=\u00bb4.4.0&#8243; custom_margin=\u00bb3%||3%||true|false\u00bb][et_pb_fullwidth_map address=\u00bbKilcoole Ind estate, Creowen, Kilcoole, Co. Wicklow, Ireland\u00bb zoom_level=\u00bb15&#8243; address_lat=\u00bb53.1000438&#8243; address_lng=\u00bb-6.0684752&#8243; _builder_version=\u00bb4.4.0&#8243; background_color=\u00bbrgba(0,0,0,0)\u00bb][et_pb_map_pin title=\u00bbDipetane\u00bb pin_address=\u00bbKilcoole Ind estate, Creowen, Kilcoole, Co. Wicklow, Ireland\u00bb zoom_level=\u00bb14&#8243; pin_address_lat=\u00bb53.1000438&#8243; pin_address_lng=\u00bb-6.0684752&#8243; _builder_version=\u00bb4.4.0&#8243;][\/et_pb_map_pin][\/et_pb_fullwidth_map][\/et_pb_section]<\/p>\n","protected":false},"excerpt":{"rendered":"<p>Env\u00edanos un email Estaremos encantados de atenderte, ponte en contacto con nosotros. Tel\u00e9fono: +34 918 588 068 Email: info@kuatrogroup.com Dipetane Espa\u00f1a &#8211; Kuatro Group Outsourcing Calle Pollensa 3 Las Rozas de Madrid Madrid Espa\u00f1a Toma la A-6 direcci\u00f3n A Coru\u00f1a. Toma la salida 24 hacia Estaci\u00f3n f.f.c.c Las Matas Incorp\u00f3rate a V\u00eda de Servicio A-6 [&hellip;]<\/p>\n","protected":false},"author":1,"featured_media":0,"parent":0,"menu_order":0,"comment_status":"closed","ping_status":"closed","template":"","meta":{"_et_pb_use_builder":"on","_et_pb_old_content":"","_et_gb_content_width":"","footnotes":""},"class_list":["post-1091","page","type-page","status-publish","hentry"],"yoast_head":"<!-- This site is optimized with the Yoast SEO plugin v27.2 - https:\/\/yoast.com\/product\/yoast-seo-wordpress\/ -->\n<title>Cont\u00e1ctanos - Dipetane<\/title>\n<meta name=\"robots\" content=\"index, follow, max-snippet:-1, max-image-preview:large, max-video-preview:-1\" \/>\n<link rel=\"canonical\" href=\"https:\/\/dipetane.com\/es\/contactanos\/\" \/>\n<meta property=\"og:locale\" content=\"es_ES\" \/>\n<meta property=\"og:type\" content=\"article\" \/>\n<meta property=\"og:title\" content=\"Cont\u00e1ctanos - Dipetane\" \/>\n<meta property=\"og:description\" content=\"Env\u00edanos un email Estaremos encantados de atenderte, ponte en contacto con nosotros. Tel\u00e9fono: +34 918 588 068 Email: info@kuatrogroup.com Dipetane Espa\u00f1a - Kuatro Group Outsourcing Calle Pollensa 3 Las Rozas de Madrid Madrid Espa\u00f1a Toma la A-6 direcci\u00f3n A Coru\u00f1a. Toma la salida 24 hacia Estaci\u00f3n f.f.c.c Las Matas Incorp\u00f3rate a V\u00eda de Servicio A-6 [&hellip;]\" \/>\n<meta property=\"og:url\" content=\"https:\/\/dipetane.com\/es\/contactanos\/\" \/>\n<meta property=\"og:site_name\" content=\"Dipetane\" \/>\n<meta property=\"article:modified_time\" content=\"2022-01-20T11:44:25+00:00\" \/>\n<meta name=\"twitter:card\" content=\"summary_large_image\" \/>\n<meta name=\"twitter:label1\" content=\"Tiempo de lectura\" \/>\n\t<meta name=\"twitter:data1\" content=\"4 minutos\" \/>\n<script type=\"application\/ld+json\" class=\"yoast-schema-graph\">{\"@context\":\"https:\/\/schema.org\",\"@graph\":[{\"@type\":\"WebPage\",\"@id\":\"https:\/\/dipetane.com\/es\/contactanos\/\",\"url\":\"https:\/\/dipetane.com\/es\/contactanos\/\",\"name\":\"Cont\u00e1ctanos - Dipetane\",\"isPartOf\":{\"@id\":\"https:\/\/dipetane.com\/#website\"},\"datePublished\":\"2022-01-20T11:44:24+00:00\",\"dateModified\":\"2022-01-20T11:44:25+00:00\",\"breadcrumb\":{\"@id\":\"https:\/\/dipetane.com\/es\/contactanos\/#breadcrumb\"},\"inLanguage\":\"es\",\"potentialAction\":[{\"@type\":\"ReadAction\",\"target\":[\"https:\/\/dipetane.com\/es\/contactanos\/\"]}]},{\"@type\":\"BreadcrumbList\",\"@id\":\"https:\/\/dipetane.com\/es\/contactanos\/#breadcrumb\",\"itemListElement\":[{\"@type\":\"ListItem\",\"position\":1,\"name\":\"Home\",\"item\":\"https:\/\/dipetane.com\/\"},{\"@type\":\"ListItem\",\"position\":2,\"name\":\"Cont\u00e1ctanos\"}]},{\"@type\":\"WebSite\",\"@id\":\"https:\/\/dipetane.com\/#website\",\"url\":\"https:\/\/dipetane.com\/\",\"name\":\"Dipetane\",\"description\":\"Up to 10% better fuel consumption\",\"potentialAction\":[{\"@type\":\"SearchAction\",\"target\":{\"@type\":\"EntryPoint\",\"urlTemplate\":\"https:\/\/dipetane.com\/?s={search_term_string}\"},\"query-input\":{\"@type\":\"PropertyValueSpecification\",\"valueRequired\":true,\"valueName\":\"search_term_string\"}}],\"inLanguage\":\"es\"}]}<\/script>\n<!-- \/ Yoast SEO plugin. -->","yoast_head_json":{"title":"Cont\u00e1ctanos - Dipetane","robots":{"index":"index","follow":"follow","max-snippet":"max-snippet:-1","max-image-preview":"max-image-preview:large","max-video-preview":"max-video-preview:-1"},"canonical":"https:\/\/dipetane.com\/es\/contactanos\/","og_locale":"es_ES","og_type":"article","og_title":"Cont\u00e1ctanos - Dipetane","og_description":"Env\u00edanos un email Estaremos encantados de atenderte, ponte en contacto con nosotros. Tel\u00e9fono: +34 918 588 068 Email: info@kuatrogroup.com Dipetane Espa\u00f1a - Kuatro Group Outsourcing Calle Pollensa 3 Las Rozas de Madrid Madrid Espa\u00f1a Toma la A-6 direcci\u00f3n A Coru\u00f1a. Toma la salida 24 hacia Estaci\u00f3n f.f.c.c Las Matas Incorp\u00f3rate a V\u00eda de Servicio A-6 [&hellip;]","og_url":"https:\/\/dipetane.com\/es\/contactanos\/","og_site_name":"Dipetane","article_modified_time":"2022-01-20T11:44:25+00:00","twitter_card":"summary_large_image","twitter_misc":{"Tiempo de lectura":"4 minutos"},"schema":{"@context":"https:\/\/schema.org","@graph":[{"@type":"WebPage","@id":"https:\/\/dipetane.com\/es\/contactanos\/","url":"https:\/\/dipetane.com\/es\/contactanos\/","name":"Cont\u00e1ctanos - Dipetane","isPartOf":{"@id":"https:\/\/dipetane.com\/#website"},"datePublished":"2022-01-20T11:44:24+00:00","dateModified":"2022-01-20T11:44:25+00:00","breadcrumb":{"@id":"https:\/\/dipetane.com\/es\/contactanos\/#breadcrumb"},"inLanguage":"es","potentialAction":[{"@type":"ReadAction","target":["https:\/\/dipetane.com\/es\/contactanos\/"]}]},{"@type":"BreadcrumbList","@id":"https:\/\/dipetane.com\/es\/contactanos\/#breadcrumb","itemListElement":[{"@type":"ListItem","position":1,"name":"Home","item":"https:\/\/dipetane.com\/"},{"@type":"ListItem","position":2,"name":"Cont\u00e1ctanos"}]},{"@type":"WebSite","@id":"https:\/\/dipetane.com\/#website","url":"https:\/\/dipetane.com\/","name":"Dipetane","description":"Up to 10% better fuel consumption","potentialAction":[{"@type":"SearchAction","target":{"@type":"EntryPoint","urlTemplate":"https:\/\/dipetane.com\/?s={search_term_string}"},"query-input":{"@type":"PropertyValueSpecification","valueRequired":true,"valueName":"search_term_string"}}],"inLanguage":"es"}]}},"_links":{"self":[{"href":"https:\/\/dipetane.com\/es\/wp-json\/wp\/v2\/pages\/1091","targetHints":{"allow":["GET"]}}],"collection":[{"href":"https:\/\/dipetane.com\/es\/wp-json\/wp\/v2\/pages"}],"about":[{"href":"https:\/\/dipetane.com\/es\/wp-json\/wp\/v2\/types\/page"}],"author":[{"embeddable":true,"href":"https:\/\/dipetane.com\/es\/wp-json\/wp\/v2\/users\/1"}],"replies":[{"embeddable":true,"href":"https:\/\/dipetane.com\/es\/wp-json\/wp\/v2\/comments?post=1091"}],"version-history":[{"count":0,"href":"https:\/\/dipetane.com\/es\/wp-json\/wp\/v2\/pages\/1091\/revisions"}],"wp:attachment":[{"href":"https:\/\/dipetane.com\/es\/wp-json\/wp\/v2\/media?parent=1091"}],"curies":[{"name":"wp","href":"https:\/\/api.w.org\/{rel}","templated":true}]}}